{"id":1027,"date":"2022-03-11T10:05:49","date_gmt":"2022-03-11T09:05:49","guid":{"rendered":"https:\/\/vinag1847.si\/?post_type=product&#038;p=1027"},"modified":"2022-03-11T10:41:31","modified_gmt":"2022-03-11T09:41:31","slug":"letnik-1982","status":"publish","type":"product","link":"https:\/\/vinag1847.si\/en\/product\/letnik-1982\/","title":{"rendered":"Year 1982"},"content":{"rendered":"","protected":false},"excerpt":{"rendered":"<p style=\"text-align: justify;\">\u00bb<strong>There is no other wine cellar of this kind in Slovenia and nobody disposes of such quantities and vintages.<\/strong>\u00ab<\/p>\n<p style=\"text-align: justify;\">The most valuable feature is certainly our wine archive, where we keep bottles of the best\nvintages. In it you can find bottles from 1946, which in itself carries a great story and history.<\/p>\n<p style=\"text-align: justify;\">The wine archive occupies a special spot in the hearts of all wine connoisseurs and enthusiasts. Hidden and kept in wine archives around the world lay wine bottles of special vintages of unimaginable values. Through aging, wines of the highest quality gain flavour and aromas over the years, which again increases their value. Enjoy a stroll through our wine archive and witness history in the making.<\/p>\n<p>For information and order <a href=\"https:\/\/vinag1847.si\/en\/kontakt\/\">click here<\/a>.<\/p>\n<p>E-mail: <a href=\"mailto:info@vinag1847.si\">info@vinag1847.si<\/a> | Phone: +386 (0)1 23 07 530<\/p>","protected":false},"featured_media":934,"template":"","meta":[],"product_brand":[],"product_cat":[22],"product_tag":[],"class_list":{"0":"post-1027","1":"product","2":"type-product","3":"status-publish","4":"has-post-thumbnail","6":"product_cat-arhivska-vina","7":"pa_letnik-47","9":"first","10":"onbackorder","11":"taxable","12":"shipping-taxable","13":"product-type-simple"},"yoast_head":"<!-- This site is optimized with the Yoast SEO plugin v27.3 - https:\/\/yoast.com\/product\/yoast-seo-wordpress\/ -->\n<title>Letnik 1982 - Vinag 1847<\/title>\n<meta name=\"robots\" content=\"index, follow, max-snippet:-1, max-image-preview:large, max-video-preview:-1\" \/>\n<link rel=\"canonical\" href=\"https:\/\/vinag1847.si\/en\/product\/letnik-1982\/\" \/>\n<meta property=\"og:locale\" content=\"en_GB\" \/>\n<meta property=\"og:type\" content=\"article\" \/>\n<meta property=\"og:title\" content=\"Letnik 1982 - Vinag 1847\" \/>\n<meta property=\"og:description\" content=\"\u00bbTak\u0161ne kleti v Sloveniji ni in nih\u010de ne razpolaga s tak\u0161no koli\u010dino in tak\u0161nimi letniki.\u00ab Najdragocenej\u0161a posebnost je zagotovo na\u0161 vinski arhiv, kjer hranimo steklenice najbolj\u0161ih letnikov. V njem je mo\u010d najti steklenice iz leta 1946, kar \u017ee samo po sebi nosi veliko zgodbo in zgodovino. Vinski arhiv ima pri vseh ljubiteljih vin posebno mesto v srcu. Po svetu se v vinskih arhivih skrivajo in hranijo buteljke posebnih letnikov nepredstavljivih vrednosti. Najkvalitetnej\u0161a vina z leti in zorenjem pridobivajo na okusih in aromah, s tem pa tudi na vrednostih. Sprehodite se po na\u0161em vinskem arhivu in u\u017eivajte v nastajanju zgodovine. Za informacije o naro\u010dilu in naro\u010dilu kliknite tukaj.  E-po\u0161ta: info@vinag1847.si | Telefon: +386 (0)1 23 07 530\" \/>\n<meta property=\"og:url\" content=\"https:\/\/vinag1847.si\/en\/product\/letnik-1982\/\" \/>\n<meta property=\"og:site_name\" content=\"Vinag 1847\" \/>\n<meta property=\"article:publisher\" content=\"https:\/\/www.facebook.com\/winecellarvinag\" \/>\n<meta property=\"article:modified_time\" content=\"2022-03-11T09:41:31+00:00\" \/>\n<meta property=\"og:image\" content=\"https:\/\/i0.wp.com\/vinag1847.si\/wp-content\/uploads\/2022\/02\/arhivksa.jpg?fit=500%2C500&ssl=1\" \/>\n\t<meta property=\"og:image:width\" content=\"500\" \/>\n\t<meta property=\"og:image:height\" content=\"500\" \/>\n\t<meta property=\"og:image:type\" content=\"image\/jpeg\" \/>\n<meta name=\"twitter:card\" content=\"summary_large_image\" \/>\n<script type=\"application\/ld+json\" class=\"yoast-schema-graph\">{\"@context\":\"https:\\\/\\\/schema.org\",\"@graph\":[{\"@type\":\"WebPage\",\"@id\":\"https:\\\/\\\/vinag1847.si\\\/izdelek\\\/letnik-1982\\\/\",\"url\":\"https:\\\/\\\/vinag1847.si\\\/izdelek\\\/letnik-1982\\\/\",\"name\":\"Letnik 1982 - Vinag 1847\",\"isPartOf\":{\"@id\":\"https:\\\/\\\/vinag1847.si\\\/#website\"},\"primaryImageOfPage\":{\"@id\":\"https:\\\/\\\/vinag1847.si\\\/izdelek\\\/letnik-1982\\\/#primaryimage\"},\"image\":{\"@id\":\"https:\\\/\\\/vinag1847.si\\\/izdelek\\\/letnik-1982\\\/#primaryimage\"},\"thumbnailUrl\":\"https:\\\/\\\/i0.wp.com\\\/vinag1847.si\\\/wp-content\\\/uploads\\\/2022\\\/02\\\/arhivksa.jpg?fit=500%2C500&ssl=1\",\"datePublished\":\"2022-03-11T09:05:49+00:00\",\"dateModified\":\"2022-03-11T09:41:31+00:00\",\"breadcrumb\":{\"@id\":\"https:\\\/\\\/vinag1847.si\\\/izdelek\\\/letnik-1982\\\/#breadcrumb\"},\"inLanguage\":\"en-GB\",\"potentialAction\":[{\"@type\":\"ReadAction\",\"target\":[\"https:\\\/\\\/vinag1847.si\\\/izdelek\\\/letnik-1982\\\/\"]}]},{\"@type\":\"ImageObject\",\"inLanguage\":\"en-GB\",\"@id\":\"https:\\\/\\\/vinag1847.si\\\/izdelek\\\/letnik-1982\\\/#primaryimage\",\"url\":\"https:\\\/\\\/i0.wp.com\\\/vinag1847.si\\\/wp-content\\\/uploads\\\/2022\\\/02\\\/arhivksa.jpg?fit=500%2C500&ssl=1\",\"contentUrl\":\"https:\\\/\\\/i0.wp.com\\\/vinag1847.si\\\/wp-content\\\/uploads\\\/2022\\\/02\\\/arhivksa.jpg?fit=500%2C500&ssl=1\",\"width\":500,\"height\":500},{\"@type\":\"BreadcrumbList\",\"@id\":\"https:\\\/\\\/vinag1847.si\\\/izdelek\\\/letnik-1982\\\/#breadcrumb\",\"itemListElement\":[{\"@type\":\"ListItem\",\"position\":1,\"name\":\"Home\",\"item\":\"https:\\\/\\\/vinag1847.si\\\/\"},{\"@type\":\"ListItem\",\"position\":2,\"name\":\"Spletna vinoteka\",\"item\":\"https:\\\/\\\/vinag1847.si\\\/en\\\/vinoteka\\\/\"},{\"@type\":\"ListItem\",\"position\":3,\"name\":\"Letnik 1982\"}]},{\"@type\":\"WebSite\",\"@id\":\"https:\\\/\\\/vinag1847.si\\\/#website\",\"url\":\"https:\\\/\\\/vinag1847.si\\\/\",\"name\":\"Vinag 1847\",\"description\":\"Vinska klet in spletna trgovina\",\"publisher\":{\"@id\":\"https:\\\/\\\/vinag1847.si\\\/#organization\"},\"potentialAction\":[{\"@type\":\"SearchAction\",\"target\":{\"@type\":\"EntryPoint\",\"urlTemplate\":\"https:\\\/\\\/vinag1847.si\\\/?s={search_term_string}\"},\"query-input\":{\"@type\":\"PropertyValueSpecification\",\"valueRequired\":true,\"valueName\":\"search_term_string\"}}],\"inLanguage\":\"en-GB\"},{\"@type\":\"Organization\",\"@id\":\"https:\\\/\\\/vinag1847.si\\\/#organization\",\"name\":\"Vinag 1847\",\"url\":\"https:\\\/\\\/vinag1847.si\\\/\",\"logo\":{\"@type\":\"ImageObject\",\"inLanguage\":\"en-GB\",\"@id\":\"https:\\\/\\\/vinag1847.si\\\/#\\\/schema\\\/logo\\\/image\\\/\",\"url\":\"https:\\\/\\\/i0.wp.com\\\/vinag1847.si\\\/wp-content\\\/uploads\\\/2019\\\/10\\\/VINAG_LOGOTIP_2021_BLACK_VECTOR.png?fit=375%2C283&ssl=1\",\"contentUrl\":\"https:\\\/\\\/i0.wp.com\\\/vinag1847.si\\\/wp-content\\\/uploads\\\/2019\\\/10\\\/VINAG_LOGOTIP_2021_BLACK_VECTOR.png?fit=375%2C283&ssl=1\",\"width\":375,\"height\":283,\"caption\":\"Vinag 1847\"},\"image\":{\"@id\":\"https:\\\/\\\/vinag1847.si\\\/#\\\/schema\\\/logo\\\/image\\\/\"},\"sameAs\":[\"https:\\\/\\\/www.facebook.com\\\/winecellarvinag\"]}]}<\/script>\n<!-- \/ Yoast SEO plugin. -->","yoast_head_json":{"title":"Letnik 1982 - Vinag 1847","robots":{"index":"index","follow":"follow","max-snippet":"max-snippet:-1","max-image-preview":"max-image-preview:large","max-video-preview":"max-video-preview:-1"},"canonical":"https:\/\/vinag1847.si\/en\/product\/letnik-1982\/","og_locale":"en_GB","og_type":"article","og_title":"Letnik 1982 - Vinag 1847","og_description":"\u00bbTak\u0161ne kleti v Sloveniji ni in nih\u010de ne razpolaga s tak\u0161no koli\u010dino in tak\u0161nimi letniki.\u00ab Najdragocenej\u0161a posebnost je zagotovo na\u0161 vinski arhiv, kjer hranimo steklenice najbolj\u0161ih letnikov. V njem je mo\u010d najti steklenice iz leta 1946, kar \u017ee samo po sebi nosi veliko zgodbo in zgodovino. Vinski arhiv ima pri vseh ljubiteljih vin posebno mesto v srcu. Po svetu se v vinskih arhivih skrivajo in hranijo buteljke posebnih letnikov nepredstavljivih vrednosti. Najkvalitetnej\u0161a vina z leti in zorenjem pridobivajo na okusih in aromah, s tem pa tudi na vrednostih. Sprehodite se po na\u0161em vinskem arhivu in u\u017eivajte v nastajanju zgodovine. Za informacije o naro\u010dilu in naro\u010dilu kliknite tukaj.  E-po\u0161ta: info@vinag1847.si | Telefon: +386 (0)1 23 07 530","og_url":"https:\/\/vinag1847.si\/en\/product\/letnik-1982\/","og_site_name":"Vinag 1847","article_publisher":"https:\/\/www.facebook.com\/winecellarvinag","article_modified_time":"2022-03-11T09:41:31+00:00","og_image":[{"width":500,"height":500,"url":"https:\/\/i0.wp.com\/vinag1847.si\/wp-content\/uploads\/2022\/02\/arhivksa.jpg?fit=500%2C500&ssl=1","type":"image\/jpeg"}],"twitter_card":"summary_large_image","schema":{"@context":"https:\/\/schema.org","@graph":[{"@type":"WebPage","@id":"https:\/\/vinag1847.si\/izdelek\/letnik-1982\/","url":"https:\/\/vinag1847.si\/izdelek\/letnik-1982\/","name":"Letnik 1982 - Vinag 1847","isPartOf":{"@id":"https:\/\/vinag1847.si\/#website"},"primaryImageOfPage":{"@id":"https:\/\/vinag1847.si\/izdelek\/letnik-1982\/#primaryimage"},"image":{"@id":"https:\/\/vinag1847.si\/izdelek\/letnik-1982\/#primaryimage"},"thumbnailUrl":"https:\/\/i0.wp.com\/vinag1847.si\/wp-content\/uploads\/2022\/02\/arhivksa.jpg?fit=500%2C500&ssl=1","datePublished":"2022-03-11T09:05:49+00:00","dateModified":"2022-03-11T09:41:31+00:00","breadcrumb":{"@id":"https:\/\/vinag1847.si\/izdelek\/letnik-1982\/#breadcrumb"},"inLanguage":"en-GB","potentialAction":[{"@type":"ReadAction","target":["https:\/\/vinag1847.si\/izdelek\/letnik-1982\/"]}]},{"@type":"ImageObject","inLanguage":"en-GB","@id":"https:\/\/vinag1847.si\/izdelek\/letnik-1982\/#primaryimage","url":"https:\/\/i0.wp.com\/vinag1847.si\/wp-content\/uploads\/2022\/02\/arhivksa.jpg?fit=500%2C500&ssl=1","contentUrl":"https:\/\/i0.wp.com\/vinag1847.si\/wp-content\/uploads\/2022\/02\/arhivksa.jpg?fit=500%2C500&ssl=1","width":500,"height":500},{"@type":"BreadcrumbList","@id":"https:\/\/vinag1847.si\/izdelek\/letnik-1982\/#breadcrumb","itemListElement":[{"@type":"ListItem","position":1,"name":"Home","item":"https:\/\/vinag1847.si\/"},{"@type":"ListItem","position":2,"name":"Spletna vinoteka","item":"https:\/\/vinag1847.si\/en\/vinoteka\/"},{"@type":"ListItem","position":3,"name":"Letnik 1982"}]},{"@type":"WebSite","@id":"https:\/\/vinag1847.si\/#website","url":"https:\/\/vinag1847.si\/","name":"Vinag 1847","description":"Vinska klet in spletna trgovina","publisher":{"@id":"https:\/\/vinag1847.si\/#organization"},"potentialAction":[{"@type":"SearchAction","target":{"@type":"EntryPoint","urlTemplate":"https:\/\/vinag1847.si\/?s={search_term_string}"},"query-input":{"@type":"PropertyValueSpecification","valueRequired":true,"valueName":"search_term_string"}}],"inLanguage":"en-GB"},{"@type":"Organization","@id":"https:\/\/vinag1847.si\/#organization","name":"Vinag 1847","url":"https:\/\/vinag1847.si\/","logo":{"@type":"ImageObject","inLanguage":"en-GB","@id":"https:\/\/vinag1847.si\/#\/schema\/logo\/image\/","url":"https:\/\/i0.wp.com\/vinag1847.si\/wp-content\/uploads\/2019\/10\/VINAG_LOGOTIP_2021_BLACK_VECTOR.png?fit=375%2C283&ssl=1","contentUrl":"https:\/\/i0.wp.com\/vinag1847.si\/wp-content\/uploads\/2019\/10\/VINAG_LOGOTIP_2021_BLACK_VECTOR.png?fit=375%2C283&ssl=1","width":375,"height":283,"caption":"Vinag 1847"},"image":{"@id":"https:\/\/vinag1847.si\/#\/schema\/logo\/image\/"},"sameAs":["https:\/\/www.facebook.com\/winecellarvinag"]}]}},"jetpack_sharing_enabled":true,"publishpress_future_workflow_manual_trigger":{"enabledWorkflows":[]},"_links":{"self":[{"href":"https:\/\/vinag1847.si\/en\/wp-json\/wp\/v2\/product\/1027","targetHints":{"allow":["GET"]}}],"collection":[{"href":"https:\/\/vinag1847.si\/en\/wp-json\/wp\/v2\/product"}],"about":[{"href":"https:\/\/vinag1847.si\/en\/wp-json\/wp\/v2\/types\/product"}],"wp:featuredmedia":[{"embeddable":true,"href":"https:\/\/vinag1847.si\/en\/wp-json\/wp\/v2\/media\/934"}],"wp:attachment":[{"href":"https:\/\/vinag1847.si\/en\/wp-json\/wp\/v2\/media?parent=1027"}],"wp:term":[{"taxonomy":"product_brand","embeddable":true,"href":"https:\/\/vinag1847.si\/en\/wp-json\/wp\/v2\/product_brand?post=1027"},{"taxonomy":"product_cat","embeddable":true,"href":"https:\/\/vinag1847.si\/en\/wp-json\/wp\/v2\/product_cat?post=1027"},{"taxonomy":"product_tag","embeddable":true,"href":"https:\/\/vinag1847.si\/en\/wp-json\/wp\/v2\/product_tag?post=1027"}],"curies":[{"name":"wp","href":"https:\/\/api.w.org\/{rel}","templated":true}]}}