{"id":1110,"date":"2022-05-25T10:12:47","date_gmt":"2022-05-25T08:12:47","guid":{"rendered":"https:\/\/vinag1847.si\/?post_type=product&#038;p=1110"},"modified":"2026-02-26T11:51:07","modified_gmt":"2026-02-26T10:51:07","slug":"penina-chardonnay-brut","status":"publish","type":"product","link":"https:\/\/vinag1847.si\/en\/product\/penina-chardonnay-brut\/","title":{"rendered":"Sparkling wine Kriehuber brut"},"content":{"rendered":"","protected":false},"excerpt":{"rendered":"<p>Vino je briljantno, zlatorumene barve, s \u0161tevilnimi drobnimi in obstojnimi mehur\u010dki, ki ustom zagotavljajo kremast ob\u010dutek.<\/p>\n<p>Aromatika je intenzivna in razkriva ves \u010dar chardonnaya, pridelanega po klasi\u010dni metodi. Zaznajo se zrela rumena jabolka, kan\u010dek tropskega sadja in kandirane limone, ki jih dopolnjujejo note mandljevega cveta, maslenosti, vanilijeve kreme, krhke skorje in ne\u017ene sledi sredice kruha.<\/p>\n<p>Gre za zelo suho penino z zaznavno mehkobo, izrazito sve\u017eino in rahlo slano mineralnostjo. Mehur\u010dki prijetno zapolnijo usta in ustvarjajo kremast ob\u010dutek. Vino je dokaj polnega telesa, z intenzivnim, elegantnim in obstojnim pookusom, v katerem se prepletajo citrusne in sadne note ter subtilne sledi kreme in marcipana.<\/p>\n<ul>\n<li><strong>Food:<\/strong> Asian fish dishes, young cow, and goat's cheeses, also tender, not too sweet cottage\ncheese-based desserts<\/li>\n<li><strong>Alcohol:<\/strong> 12,5%<\/li>\n<li><strong>Sugar level:<\/strong> brut<\/li>\n<li><strong>Type:<\/strong> Chardonnay<\/li>\n<li><strong>Volumen:<\/strong> 0,75 l<\/li>\n<li><strong>Metoda pridelave:<\/strong> klasi\u010dna<\/li>\n<\/ul>","protected":false},"featured_media":1111,"template":"","meta":[],"product_brand":[],"product_cat":[87],"product_tag":[],"class_list":{"0":"post-1110","1":"product","2":"type-product","3":"status-publish","4":"has-post-thumbnail","6":"product_cat-linija-kriehuber","8":"first","9":"instock","10":"taxable","11":"shipping-taxable","12":"purchasable","13":"product-type-simple"},"yoast_head":"<!-- This site is optimized with the Yoast SEO plugin v27.5 - https:\/\/yoast.com\/product\/yoast-seo-wordpress\/ -->\n<title>Penina Chardonnay brut - Vinag 1847<\/title>\n<meta name=\"robots\" content=\"index, follow, max-snippet:-1, max-image-preview:large, max-video-preview:-1\" \/>\n<link rel=\"canonical\" href=\"https:\/\/vinag1847.si\/en\/product\/penina-chardonnay-brut\/\" \/>\n<meta property=\"og:locale\" content=\"en_GB\" \/>\n<meta property=\"og:type\" content=\"article\" \/>\n<meta property=\"og:title\" content=\"Penina Chardonnay brut - Vinag 1847\" \/>\n<meta property=\"og:description\" content=\"Vino je briljantno, zlatorumene barve, s \u0161tevilnimi drobnimi in obstojnimi mehur\u010dki, ki ustom zagotavljajo kremast ob\u010dutek.  Aromatika je intenzivna in razkriva ves \u010dar chardonnaya, pridelanega po klasi\u010dni metodi. Zaznajo se zrela rumena jabolka, kan\u010dek tropskega sadja in kandirane limone, ki jih dopolnjujejo note mandljevega cveta, maslenosti, vanilijeve kreme, krhke skorje in ne\u017ene sledi sredice kruha.  Gre za zelo suho penino z zaznavno mehkobo, izrazito sve\u017eino in rahlo slano mineralnostjo. Mehur\u010dki prijetno zapolnijo usta in ustvarjajo kremast ob\u010dutek. Vino je dokaj polnega telesa, z intenzivnim, elegantnim in obstojnim pookusom, v katerem se prepletajo citrusne in sadne note ter subtilne sledi kreme in marcipana.   Hrana: surove ribje jedi, brancinov carpaccio, tudi \u0161kampi, ne\u017eni in mladi kravji siri  Alkohol: 12,5%  Sladkorna stopnja: brut  Sorta: Chardonnay  Volumen: 0,75 l  Metoda pridelave: klasi\u010dna\" \/>\n<meta property=\"og:url\" content=\"https:\/\/vinag1847.si\/en\/product\/penina-chardonnay-brut\/\" \/>\n<meta property=\"og:site_name\" content=\"Vinag 1847\" \/>\n<meta property=\"article:publisher\" content=\"https:\/\/www.facebook.com\/winecellarvinag\" \/>\n<meta property=\"article:modified_time\" content=\"2026-02-26T10:51:07+00:00\" \/>\n<meta property=\"og:image\" content=\"https:\/\/vinag1847.si\/wp-content\/uploads\/2022\/05\/brut-sq.jpg\" \/>\n\t<meta property=\"og:image:width\" content=\"500\" \/>\n\t<meta property=\"og:image:height\" content=\"500\" \/>\n\t<meta property=\"og:image:type\" content=\"image\/jpeg\" \/>\n<meta name=\"twitter:card\" content=\"summary_large_image\" \/>\n<meta name=\"twitter:label1\" content=\"Estimated reading time\" \/>\n\t<meta name=\"twitter:data1\" content=\"1 minute\" \/>\n<script type=\"application\/ld+json\" class=\"yoast-schema-graph\">{\"@context\":\"https:\\\/\\\/schema.org\",\"@graph\":[{\"@type\":\"WebPage\",\"@id\":\"https:\\\/\\\/vinag1847.si\\\/izdelek\\\/penina-chardonnay-brut\\\/\",\"url\":\"https:\\\/\\\/vinag1847.si\\\/izdelek\\\/penina-chardonnay-brut\\\/\",\"name\":\"Penina Chardonnay brut - Vinag 1847\",\"isPartOf\":{\"@id\":\"https:\\\/\\\/vinag1847.si\\\/#website\"},\"primaryImageOfPage\":{\"@id\":\"https:\\\/\\\/vinag1847.si\\\/izdelek\\\/penina-chardonnay-brut\\\/#primaryimage\"},\"image\":{\"@id\":\"https:\\\/\\\/vinag1847.si\\\/izdelek\\\/penina-chardonnay-brut\\\/#primaryimage\"},\"thumbnailUrl\":\"https:\\\/\\\/i0.wp.com\\\/vinag1847.si\\\/wp-content\\\/uploads\\\/2022\\\/05\\\/brut-sq.jpg?fit=500%2C500&ssl=1\",\"datePublished\":\"2022-05-25T08:12:47+00:00\",\"dateModified\":\"2026-02-26T10:51:07+00:00\",\"breadcrumb\":{\"@id\":\"https:\\\/\\\/vinag1847.si\\\/izdelek\\\/penina-chardonnay-brut\\\/#breadcrumb\"},\"inLanguage\":\"en-GB\",\"potentialAction\":[{\"@type\":\"ReadAction\",\"target\":[\"https:\\\/\\\/vinag1847.si\\\/izdelek\\\/penina-chardonnay-brut\\\/\"]}]},{\"@type\":\"ImageObject\",\"inLanguage\":\"en-GB\",\"@id\":\"https:\\\/\\\/vinag1847.si\\\/izdelek\\\/penina-chardonnay-brut\\\/#primaryimage\",\"url\":\"https:\\\/\\\/i0.wp.com\\\/vinag1847.si\\\/wp-content\\\/uploads\\\/2022\\\/05\\\/brut-sq.jpg?fit=500%2C500&ssl=1\",\"contentUrl\":\"https:\\\/\\\/i0.wp.com\\\/vinag1847.si\\\/wp-content\\\/uploads\\\/2022\\\/05\\\/brut-sq.jpg?fit=500%2C500&ssl=1\",\"width\":500,\"height\":500},{\"@type\":\"BreadcrumbList\",\"@id\":\"https:\\\/\\\/vinag1847.si\\\/izdelek\\\/penina-chardonnay-brut\\\/#breadcrumb\",\"itemListElement\":[{\"@type\":\"ListItem\",\"position\":1,\"name\":\"Home\",\"item\":\"https:\\\/\\\/vinag1847.si\\\/\"},{\"@type\":\"ListItem\",\"position\":2,\"name\":\"Spletna vinoteka\",\"item\":\"https:\\\/\\\/vinag1847.si\\\/en\\\/vinoteka\\\/\"},{\"@type\":\"ListItem\",\"position\":3,\"name\":\"Penina Chardonnay brut\"}]},{\"@type\":\"WebSite\",\"@id\":\"https:\\\/\\\/vinag1847.si\\\/#website\",\"url\":\"https:\\\/\\\/vinag1847.si\\\/\",\"name\":\"Vinag 1847\",\"description\":\"Vinska klet in spletna trgovina\",\"publisher\":{\"@id\":\"https:\\\/\\\/vinag1847.si\\\/#organization\"},\"potentialAction\":[{\"@type\":\"SearchAction\",\"target\":{\"@type\":\"EntryPoint\",\"urlTemplate\":\"https:\\\/\\\/vinag1847.si\\\/?s={search_term_string}\"},\"query-input\":{\"@type\":\"PropertyValueSpecification\",\"valueRequired\":true,\"valueName\":\"search_term_string\"}}],\"inLanguage\":\"en-GB\"},{\"@type\":\"Organization\",\"@id\":\"https:\\\/\\\/vinag1847.si\\\/#organization\",\"name\":\"Vinag 1847\",\"url\":\"https:\\\/\\\/vinag1847.si\\\/\",\"logo\":{\"@type\":\"ImageObject\",\"inLanguage\":\"en-GB\",\"@id\":\"https:\\\/\\\/vinag1847.si\\\/#\\\/schema\\\/logo\\\/image\\\/\",\"url\":\"https:\\\/\\\/i0.wp.com\\\/vinag1847.si\\\/wp-content\\\/uploads\\\/2019\\\/10\\\/VINAG_LOGOTIP_2021_BLACK_VECTOR.png?fit=375%2C283&ssl=1\",\"contentUrl\":\"https:\\\/\\\/i0.wp.com\\\/vinag1847.si\\\/wp-content\\\/uploads\\\/2019\\\/10\\\/VINAG_LOGOTIP_2021_BLACK_VECTOR.png?fit=375%2C283&ssl=1\",\"width\":375,\"height\":283,\"caption\":\"Vinag 1847\"},\"image\":{\"@id\":\"https:\\\/\\\/vinag1847.si\\\/#\\\/schema\\\/logo\\\/image\\\/\"},\"sameAs\":[\"https:\\\/\\\/www.facebook.com\\\/winecellarvinag\"]}]}<\/script>\n<!-- \/ Yoast SEO plugin. -->","yoast_head_json":{"title":"Penina Chardonnay brut - Vinag 1847","robots":{"index":"index","follow":"follow","max-snippet":"max-snippet:-1","max-image-preview":"max-image-preview:large","max-video-preview":"max-video-preview:-1"},"canonical":"https:\/\/vinag1847.si\/en\/product\/penina-chardonnay-brut\/","og_locale":"en_GB","og_type":"article","og_title":"Penina Chardonnay brut - Vinag 1847","og_description":"Vino je briljantno, zlatorumene barve, s \u0161tevilnimi drobnimi in obstojnimi mehur\u010dki, ki ustom zagotavljajo kremast ob\u010dutek.  Aromatika je intenzivna in razkriva ves \u010dar chardonnaya, pridelanega po klasi\u010dni metodi. Zaznajo se zrela rumena jabolka, kan\u010dek tropskega sadja in kandirane limone, ki jih dopolnjujejo note mandljevega cveta, maslenosti, vanilijeve kreme, krhke skorje in ne\u017ene sledi sredice kruha.  Gre za zelo suho penino z zaznavno mehkobo, izrazito sve\u017eino in rahlo slano mineralnostjo. Mehur\u010dki prijetno zapolnijo usta in ustvarjajo kremast ob\u010dutek. Vino je dokaj polnega telesa, z intenzivnim, elegantnim in obstojnim pookusom, v katerem se prepletajo citrusne in sadne note ter subtilne sledi kreme in marcipana.   Hrana: surove ribje jedi, brancinov carpaccio, tudi \u0161kampi, ne\u017eni in mladi kravji siri  Alkohol: 12,5%  Sladkorna stopnja: brut  Sorta: Chardonnay  Volumen: 0,75 l  Metoda pridelave: klasi\u010dna","og_url":"https:\/\/vinag1847.si\/en\/product\/penina-chardonnay-brut\/","og_site_name":"Vinag 1847","article_publisher":"https:\/\/www.facebook.com\/winecellarvinag","article_modified_time":"2026-02-26T10:51:07+00:00","og_image":[{"width":500,"height":500,"url":"https:\/\/vinag1847.si\/wp-content\/uploads\/2022\/05\/brut-sq.jpg","type":"image\/jpeg"}],"twitter_card":"summary_large_image","twitter_misc":{"Estimated reading time":"1 minute"},"schema":{"@context":"https:\/\/schema.org","@graph":[{"@type":"WebPage","@id":"https:\/\/vinag1847.si\/izdelek\/penina-chardonnay-brut\/","url":"https:\/\/vinag1847.si\/izdelek\/penina-chardonnay-brut\/","name":"Penina Chardonnay brut - Vinag 1847","isPartOf":{"@id":"https:\/\/vinag1847.si\/#website"},"primaryImageOfPage":{"@id":"https:\/\/vinag1847.si\/izdelek\/penina-chardonnay-brut\/#primaryimage"},"image":{"@id":"https:\/\/vinag1847.si\/izdelek\/penina-chardonnay-brut\/#primaryimage"},"thumbnailUrl":"https:\/\/i0.wp.com\/vinag1847.si\/wp-content\/uploads\/2022\/05\/brut-sq.jpg?fit=500%2C500&ssl=1","datePublished":"2022-05-25T08:12:47+00:00","dateModified":"2026-02-26T10:51:07+00:00","breadcrumb":{"@id":"https:\/\/vinag1847.si\/izdelek\/penina-chardonnay-brut\/#breadcrumb"},"inLanguage":"en-GB","potentialAction":[{"@type":"ReadAction","target":["https:\/\/vinag1847.si\/izdelek\/penina-chardonnay-brut\/"]}]},{"@type":"ImageObject","inLanguage":"en-GB","@id":"https:\/\/vinag1847.si\/izdelek\/penina-chardonnay-brut\/#primaryimage","url":"https:\/\/i0.wp.com\/vinag1847.si\/wp-content\/uploads\/2022\/05\/brut-sq.jpg?fit=500%2C500&ssl=1","contentUrl":"https:\/\/i0.wp.com\/vinag1847.si\/wp-content\/uploads\/2022\/05\/brut-sq.jpg?fit=500%2C500&ssl=1","width":500,"height":500},{"@type":"BreadcrumbList","@id":"https:\/\/vinag1847.si\/izdelek\/penina-chardonnay-brut\/#breadcrumb","itemListElement":[{"@type":"ListItem","position":1,"name":"Home","item":"https:\/\/vinag1847.si\/"},{"@type":"ListItem","position":2,"name":"Spletna vinoteka","item":"https:\/\/vinag1847.si\/en\/vinoteka\/"},{"@type":"ListItem","position":3,"name":"Penina Chardonnay brut"}]},{"@type":"WebSite","@id":"https:\/\/vinag1847.si\/#website","url":"https:\/\/vinag1847.si\/","name":"Vinag 1847","description":"Vinska klet in spletna trgovina","publisher":{"@id":"https:\/\/vinag1847.si\/#organization"},"potentialAction":[{"@type":"SearchAction","target":{"@type":"EntryPoint","urlTemplate":"https:\/\/vinag1847.si\/?s={search_term_string}"},"query-input":{"@type":"PropertyValueSpecification","valueRequired":true,"valueName":"search_term_string"}}],"inLanguage":"en-GB"},{"@type":"Organization","@id":"https:\/\/vinag1847.si\/#organization","name":"Vinag 1847","url":"https:\/\/vinag1847.si\/","logo":{"@type":"ImageObject","inLanguage":"en-GB","@id":"https:\/\/vinag1847.si\/#\/schema\/logo\/image\/","url":"https:\/\/i0.wp.com\/vinag1847.si\/wp-content\/uploads\/2019\/10\/VINAG_LOGOTIP_2021_BLACK_VECTOR.png?fit=375%2C283&ssl=1","contentUrl":"https:\/\/i0.wp.com\/vinag1847.si\/wp-content\/uploads\/2019\/10\/VINAG_LOGOTIP_2021_BLACK_VECTOR.png?fit=375%2C283&ssl=1","width":375,"height":283,"caption":"Vinag 1847"},"image":{"@id":"https:\/\/vinag1847.si\/#\/schema\/logo\/image\/"},"sameAs":["https:\/\/www.facebook.com\/winecellarvinag"]}]}},"jetpack_sharing_enabled":true,"publishpress_future_action":{"enabled":false,"date":"2026-05-07 07:12:47","action":"change-status","newStatus":"draft","terms":[],"taxonomy":"product_brand","extraData":[]},"publishpress_future_workflow_manual_trigger":{"enabledWorkflows":[]},"_links":{"self":[{"href":"https:\/\/vinag1847.si\/en\/wp-json\/wp\/v2\/product\/1110","targetHints":{"allow":["GET"]}}],"collection":[{"href":"https:\/\/vinag1847.si\/en\/wp-json\/wp\/v2\/product"}],"about":[{"href":"https:\/\/vinag1847.si\/en\/wp-json\/wp\/v2\/types\/product"}],"wp:featuredmedia":[{"embeddable":true,"href":"https:\/\/vinag1847.si\/en\/wp-json\/wp\/v2\/media\/1111"}],"wp:attachment":[{"href":"https:\/\/vinag1847.si\/en\/wp-json\/wp\/v2\/media?parent=1110"}],"wp:term":[{"taxonomy":"product_brand","embeddable":true,"href":"https:\/\/vinag1847.si\/en\/wp-json\/wp\/v2\/product_brand?post=1110"},{"taxonomy":"product_cat","embeddable":true,"href":"https:\/\/vinag1847.si\/en\/wp-json\/wp\/v2\/product_cat?post=1110"},{"taxonomy":"product_tag","embeddable":true,"href":"https:\/\/vinag1847.si\/en\/wp-json\/wp\/v2\/product_tag?post=1110"}],"curies":[{"name":"wp","href":"https:\/\/api.w.org\/{rel}","templated":true}]}}