{"id":1230,"date":"2022-12-28T08:23:31","date_gmt":"2022-12-28T07:23:31","guid":{"rendered":"https:\/\/vinag1847.si\/?post_type=product&#038;p=1230"},"modified":"2025-10-16T12:06:58","modified_gmt":"2025-10-16T10:06:58","slug":"krema-za-roke","status":"publish","type":"product","link":"https:\/\/vinag1847.si\/en\/product\/krema-za-roke\/","title":{"rendered":"Hand creme"},"content":{"rendered":"","protected":false},"excerpt":{"rendered":"<p><em><span lang=\"EN-GB\">The cream is intended for hand care. Grape seed oil is rich in vitamin E, flavonoids and other\ningredients that inhibit premature aging of the skin. In combination with shea butter, which\nmoisturizes and protects the skin from external influences, this cream is excellent for\nregenerating dry and chapped skin on the hands. It promotes circulation and warms your\nhands. Apply a small amount of cream to clean hands and rub it into the skin several times a\nday - as needed.\u00a0<\/span><\/em><\/p>\n<p>Koli\u010dina: 50 ml<\/p>","protected":false},"featured_media":1244,"template":"","meta":[],"product_brand":[],"product_cat":[85],"product_tag":[],"class_list":{"0":"post-1230","1":"product","2":"type-product","3":"status-publish","4":"has-post-thumbnail","6":"product_cat-kozmetika","8":"first","9":"instock","10":"taxable","11":"shipping-taxable","12":"purchasable","13":"product-type-simple"},"yoast_head":"<!-- This site is optimized with the Yoast SEO plugin v27.4 - https:\/\/yoast.com\/product\/yoast-seo-wordpress\/ -->\n<title>Krema za roke - Vinag 1847<\/title>\n<meta name=\"robots\" content=\"index, follow, max-snippet:-1, max-image-preview:large, max-video-preview:-1\" \/>\n<link rel=\"canonical\" href=\"https:\/\/vinag1847.si\/en\/product\/krema-za-roke\/\" \/>\n<meta property=\"og:locale\" content=\"en_GB\" \/>\n<meta property=\"og:type\" content=\"article\" \/>\n<meta property=\"og:title\" content=\"Krema za roke - Vinag 1847\" \/>\n<meta property=\"og:description\" content=\"Krema je namenjena negi rok. Olje grozdnih pe\u0161k je bogato z vitaminom E, flavonoidi in drugimi sestavinami, ki zavirajo prezgodnje staranje ko\u017ee. V kombinaciji s karitejevim maslom, ki ko\u017eo vla\u017ei in \u0161\u010diti pred zunanjimi vplivi, je ta krema odli\u010dna za regeneracijo izsu\u0161ene in razpokane ko\u017ee rok. Spodbuja prekrvavitev in pomaga pri te\u017eavah s hladnimi rokami. Na \u010diste roke nanesite majhno koli\u010dino kreme in jo vtirajte v ko\u017eo ve\u010dkrat dnevno - po potrebi.\u00a0  Koli\u010dina: 50 ml\" \/>\n<meta property=\"og:url\" content=\"https:\/\/vinag1847.si\/en\/product\/krema-za-roke\/\" \/>\n<meta property=\"og:site_name\" content=\"Vinag 1847\" \/>\n<meta property=\"article:publisher\" content=\"https:\/\/www.facebook.com\/winecellarvinag\" \/>\n<meta property=\"article:modified_time\" content=\"2025-10-16T10:06:58+00:00\" \/>\n<meta property=\"og:image\" content=\"https:\/\/vinag1847.si\/wp-content\/uploads\/2022\/12\/IMG_9573-scaled.jpg\" \/>\n\t<meta property=\"og:image:width\" content=\"2560\" \/>\n\t<meta property=\"og:image:height\" content=\"1707\" \/>\n\t<meta property=\"og:image:type\" content=\"image\/jpeg\" \/>\n<meta name=\"twitter:card\" content=\"summary_large_image\" \/>\n<meta name=\"twitter:label1\" content=\"Estimated reading time\" \/>\n\t<meta name=\"twitter:data1\" content=\"1 minute\" \/>\n<script type=\"application\/ld+json\" class=\"yoast-schema-graph\">{\"@context\":\"https:\\\/\\\/schema.org\",\"@graph\":[{\"@type\":\"WebPage\",\"@id\":\"https:\\\/\\\/vinag1847.si\\\/izdelek\\\/krema-za-roke\\\/\",\"url\":\"https:\\\/\\\/vinag1847.si\\\/izdelek\\\/krema-za-roke\\\/\",\"name\":\"Krema za roke - Vinag 1847\",\"isPartOf\":{\"@id\":\"https:\\\/\\\/vinag1847.si\\\/#website\"},\"primaryImageOfPage\":{\"@id\":\"https:\\\/\\\/vinag1847.si\\\/izdelek\\\/krema-za-roke\\\/#primaryimage\"},\"image\":{\"@id\":\"https:\\\/\\\/vinag1847.si\\\/izdelek\\\/krema-za-roke\\\/#primaryimage\"},\"thumbnailUrl\":\"https:\\\/\\\/i0.wp.com\\\/vinag1847.si\\\/wp-content\\\/uploads\\\/2022\\\/12\\\/IMG_9573-scaled.jpg?fit=2048%2C1366&ssl=1\",\"datePublished\":\"2022-12-28T07:23:31+00:00\",\"dateModified\":\"2025-10-16T10:06:58+00:00\",\"breadcrumb\":{\"@id\":\"https:\\\/\\\/vinag1847.si\\\/izdelek\\\/krema-za-roke\\\/#breadcrumb\"},\"inLanguage\":\"en-GB\",\"potentialAction\":[{\"@type\":\"ReadAction\",\"target\":[\"https:\\\/\\\/vinag1847.si\\\/izdelek\\\/krema-za-roke\\\/\"]}]},{\"@type\":\"ImageObject\",\"inLanguage\":\"en-GB\",\"@id\":\"https:\\\/\\\/vinag1847.si\\\/izdelek\\\/krema-za-roke\\\/#primaryimage\",\"url\":\"https:\\\/\\\/i0.wp.com\\\/vinag1847.si\\\/wp-content\\\/uploads\\\/2022\\\/12\\\/IMG_9573-scaled.jpg?fit=2048%2C1366&ssl=1\",\"contentUrl\":\"https:\\\/\\\/i0.wp.com\\\/vinag1847.si\\\/wp-content\\\/uploads\\\/2022\\\/12\\\/IMG_9573-scaled.jpg?fit=2048%2C1366&ssl=1\",\"width\":2048,\"height\":1366},{\"@type\":\"BreadcrumbList\",\"@id\":\"https:\\\/\\\/vinag1847.si\\\/izdelek\\\/krema-za-roke\\\/#breadcrumb\",\"itemListElement\":[{\"@type\":\"ListItem\",\"position\":1,\"name\":\"Home\",\"item\":\"https:\\\/\\\/vinag1847.si\\\/\"},{\"@type\":\"ListItem\",\"position\":2,\"name\":\"Spletna vinoteka\",\"item\":\"https:\\\/\\\/vinag1847.si\\\/en\\\/vinoteka\\\/\"},{\"@type\":\"ListItem\",\"position\":3,\"name\":\"Krema za roke\"}]},{\"@type\":\"WebSite\",\"@id\":\"https:\\\/\\\/vinag1847.si\\\/#website\",\"url\":\"https:\\\/\\\/vinag1847.si\\\/\",\"name\":\"Vinag 1847\",\"description\":\"Vinska klet in spletna trgovina\",\"publisher\":{\"@id\":\"https:\\\/\\\/vinag1847.si\\\/#organization\"},\"potentialAction\":[{\"@type\":\"SearchAction\",\"target\":{\"@type\":\"EntryPoint\",\"urlTemplate\":\"https:\\\/\\\/vinag1847.si\\\/?s={search_term_string}\"},\"query-input\":{\"@type\":\"PropertyValueSpecification\",\"valueRequired\":true,\"valueName\":\"search_term_string\"}}],\"inLanguage\":\"en-GB\"},{\"@type\":\"Organization\",\"@id\":\"https:\\\/\\\/vinag1847.si\\\/#organization\",\"name\":\"Vinag 1847\",\"url\":\"https:\\\/\\\/vinag1847.si\\\/\",\"logo\":{\"@type\":\"ImageObject\",\"inLanguage\":\"en-GB\",\"@id\":\"https:\\\/\\\/vinag1847.si\\\/#\\\/schema\\\/logo\\\/image\\\/\",\"url\":\"https:\\\/\\\/i0.wp.com\\\/vinag1847.si\\\/wp-content\\\/uploads\\\/2019\\\/10\\\/VINAG_LOGOTIP_2021_BLACK_VECTOR.png?fit=375%2C283&ssl=1\",\"contentUrl\":\"https:\\\/\\\/i0.wp.com\\\/vinag1847.si\\\/wp-content\\\/uploads\\\/2019\\\/10\\\/VINAG_LOGOTIP_2021_BLACK_VECTOR.png?fit=375%2C283&ssl=1\",\"width\":375,\"height\":283,\"caption\":\"Vinag 1847\"},\"image\":{\"@id\":\"https:\\\/\\\/vinag1847.si\\\/#\\\/schema\\\/logo\\\/image\\\/\"},\"sameAs\":[\"https:\\\/\\\/www.facebook.com\\\/winecellarvinag\"]}]}<\/script>\n<!-- \/ Yoast SEO plugin. -->","yoast_head_json":{"title":"Krema za roke - Vinag 1847","robots":{"index":"index","follow":"follow","max-snippet":"max-snippet:-1","max-image-preview":"max-image-preview:large","max-video-preview":"max-video-preview:-1"},"canonical":"https:\/\/vinag1847.si\/en\/product\/krema-za-roke\/","og_locale":"en_GB","og_type":"article","og_title":"Krema za roke - Vinag 1847","og_description":"Krema je namenjena negi rok. Olje grozdnih pe\u0161k je bogato z vitaminom E, flavonoidi in drugimi sestavinami, ki zavirajo prezgodnje staranje ko\u017ee. V kombinaciji s karitejevim maslom, ki ko\u017eo vla\u017ei in \u0161\u010diti pred zunanjimi vplivi, je ta krema odli\u010dna za regeneracijo izsu\u0161ene in razpokane ko\u017ee rok. Spodbuja prekrvavitev in pomaga pri te\u017eavah s hladnimi rokami. Na \u010diste roke nanesite majhno koli\u010dino kreme in jo vtirajte v ko\u017eo ve\u010dkrat dnevno - po potrebi.\u00a0  Koli\u010dina: 50 ml","og_url":"https:\/\/vinag1847.si\/en\/product\/krema-za-roke\/","og_site_name":"Vinag 1847","article_publisher":"https:\/\/www.facebook.com\/winecellarvinag","article_modified_time":"2025-10-16T10:06:58+00:00","og_image":[{"width":2560,"height":1707,"url":"https:\/\/vinag1847.si\/wp-content\/uploads\/2022\/12\/IMG_9573-scaled.jpg","type":"image\/jpeg"}],"twitter_card":"summary_large_image","twitter_misc":{"Estimated reading time":"1 minute"},"schema":{"@context":"https:\/\/schema.org","@graph":[{"@type":"WebPage","@id":"https:\/\/vinag1847.si\/izdelek\/krema-za-roke\/","url":"https:\/\/vinag1847.si\/izdelek\/krema-za-roke\/","name":"Krema za roke - Vinag 1847","isPartOf":{"@id":"https:\/\/vinag1847.si\/#website"},"primaryImageOfPage":{"@id":"https:\/\/vinag1847.si\/izdelek\/krema-za-roke\/#primaryimage"},"image":{"@id":"https:\/\/vinag1847.si\/izdelek\/krema-za-roke\/#primaryimage"},"thumbnailUrl":"https:\/\/i0.wp.com\/vinag1847.si\/wp-content\/uploads\/2022\/12\/IMG_9573-scaled.jpg?fit=2048%2C1366&ssl=1","datePublished":"2022-12-28T07:23:31+00:00","dateModified":"2025-10-16T10:06:58+00:00","breadcrumb":{"@id":"https:\/\/vinag1847.si\/izdelek\/krema-za-roke\/#breadcrumb"},"inLanguage":"en-GB","potentialAction":[{"@type":"ReadAction","target":["https:\/\/vinag1847.si\/izdelek\/krema-za-roke\/"]}]},{"@type":"ImageObject","inLanguage":"en-GB","@id":"https:\/\/vinag1847.si\/izdelek\/krema-za-roke\/#primaryimage","url":"https:\/\/i0.wp.com\/vinag1847.si\/wp-content\/uploads\/2022\/12\/IMG_9573-scaled.jpg?fit=2048%2C1366&ssl=1","contentUrl":"https:\/\/i0.wp.com\/vinag1847.si\/wp-content\/uploads\/2022\/12\/IMG_9573-scaled.jpg?fit=2048%2C1366&ssl=1","width":2048,"height":1366},{"@type":"BreadcrumbList","@id":"https:\/\/vinag1847.si\/izdelek\/krema-za-roke\/#breadcrumb","itemListElement":[{"@type":"ListItem","position":1,"name":"Home","item":"https:\/\/vinag1847.si\/"},{"@type":"ListItem","position":2,"name":"Spletna vinoteka","item":"https:\/\/vinag1847.si\/en\/vinoteka\/"},{"@type":"ListItem","position":3,"name":"Krema za roke"}]},{"@type":"WebSite","@id":"https:\/\/vinag1847.si\/#website","url":"https:\/\/vinag1847.si\/","name":"Vinag 1847","description":"Vinska klet in spletna trgovina","publisher":{"@id":"https:\/\/vinag1847.si\/#organization"},"potentialAction":[{"@type":"SearchAction","target":{"@type":"EntryPoint","urlTemplate":"https:\/\/vinag1847.si\/?s={search_term_string}"},"query-input":{"@type":"PropertyValueSpecification","valueRequired":true,"valueName":"search_term_string"}}],"inLanguage":"en-GB"},{"@type":"Organization","@id":"https:\/\/vinag1847.si\/#organization","name":"Vinag 1847","url":"https:\/\/vinag1847.si\/","logo":{"@type":"ImageObject","inLanguage":"en-GB","@id":"https:\/\/vinag1847.si\/#\/schema\/logo\/image\/","url":"https:\/\/i0.wp.com\/vinag1847.si\/wp-content\/uploads\/2019\/10\/VINAG_LOGOTIP_2021_BLACK_VECTOR.png?fit=375%2C283&ssl=1","contentUrl":"https:\/\/i0.wp.com\/vinag1847.si\/wp-content\/uploads\/2019\/10\/VINAG_LOGOTIP_2021_BLACK_VECTOR.png?fit=375%2C283&ssl=1","width":375,"height":283,"caption":"Vinag 1847"},"image":{"@id":"https:\/\/vinag1847.si\/#\/schema\/logo\/image\/"},"sameAs":["https:\/\/www.facebook.com\/winecellarvinag"]}]}},"jetpack_sharing_enabled":true,"publishpress_future_action":{"enabled":false,"date":"2026-04-24 04:35:17","action":"change-status","newStatus":"draft","terms":[],"taxonomy":"product_brand","extraData":[]},"publishpress_future_workflow_manual_trigger":{"enabledWorkflows":[]},"_links":{"self":[{"href":"https:\/\/vinag1847.si\/en\/wp-json\/wp\/v2\/product\/1230","targetHints":{"allow":["GET"]}}],"collection":[{"href":"https:\/\/vinag1847.si\/en\/wp-json\/wp\/v2\/product"}],"about":[{"href":"https:\/\/vinag1847.si\/en\/wp-json\/wp\/v2\/types\/product"}],"wp:featuredmedia":[{"embeddable":true,"href":"https:\/\/vinag1847.si\/en\/wp-json\/wp\/v2\/media\/1244"}],"wp:attachment":[{"href":"https:\/\/vinag1847.si\/en\/wp-json\/wp\/v2\/media?parent=1230"}],"wp:term":[{"taxonomy":"product_brand","embeddable":true,"href":"https:\/\/vinag1847.si\/en\/wp-json\/wp\/v2\/product_brand?post=1230"},{"taxonomy":"product_cat","embeddable":true,"href":"https:\/\/vinag1847.si\/en\/wp-json\/wp\/v2\/product_cat?post=1230"},{"taxonomy":"product_tag","embeddable":true,"href":"https:\/\/vinag1847.si\/en\/wp-json\/wp\/v2\/product_tag?post=1230"}],"curies":[{"name":"wp","href":"https:\/\/api.w.org\/{rel}","templated":true}]}}