{"id":1307,"date":"2023-10-09T09:06:48","date_gmt":"2023-10-09T07:06:48","guid":{"rendered":"https:\/\/vinag1847.si\/?post_type=product&#038;p=1307"},"modified":"2026-02-26T11:48:03","modified_gmt":"2026-02-26T10:48:03","slug":"laski-rizling-noble","status":"publish","type":"product","link":"https:\/\/vinag1847.si\/en\/product\/laski-rizling-noble\/","title":{"rendered":"La\u0161ki rizling Noble"},"content":{"rendered":"","protected":false},"excerpt":{"rendered":"<p>Vino je globoke zlato-rumene barve, prepletene z ne\u017enim jantarnim odtenkom. Intenzivna cvetica razkriva note kandirane pomaran\u010de, aromati\u010dnih zeli\u0161\u010d in pra\u017eene \u010debule, ob tem pa se subtilno zaznajo tudi petrolejaste sledi, rezultat podalj\u0161ane maceracije.<\/p>\n<p>Vino je kompleksno, mineralno in prijetno sve\u017ee, z intenzivnim, polnim okusom ter elegantno dolgotrajnim zaklju\u010dkom. Vonj spominja na smolnato-balzami\u010dne tone, prepletene z dimnimi in rahlo sladkastimi odtenki, ki \u0161e poudarjajo njegovo izrazito karakternost.<\/p>\n<ul>\n<li><strong>Food:<\/strong> Hladne predjedi, pr\u0161ut, svinjina, \u0161kampi, spajanje z zeli\u0161\u010di.<\/li>\n<li><strong>Alcohol: <\/strong>12,5%<\/li>\n<li><strong>Sugar level:<\/strong> dry<\/li>\n<li><strong>Type:<\/strong> La\u0161ki rizling<\/li>\n<li><strong>VINIFIKACIJA:<\/strong> Klasi\u010dna maceracija, ki traja 2 meseca. Zorjen 18 mesecev 1\/2 in v inox cisterni 1\/2. Vino je nato zdru\u017eeno in polnjeno v steklenice.\u00a0 Je nefiltriran.<\/li>\n<li><strong>Volumen:<\/strong> 0,75 l<\/li>\n<\/ul>","protected":false},"featured_media":1318,"template":"","meta":[],"product_brand":[],"product_cat":[82],"product_tag":[],"class_list":{"0":"post-1307","1":"product","2":"type-product","3":"status-publish","4":"has-post-thumbnail","6":"product_cat-linija-noble","8":"first","9":"instock","10":"taxable","11":"shipping-taxable","12":"purchasable","13":"product-type-simple"},"yoast_head":"<!-- This site is optimized with the Yoast SEO plugin v27.4 - https:\/\/yoast.com\/product\/yoast-seo-wordpress\/ -->\n<title>La\u0161ki rizling Noble - Vinag 1847<\/title>\n<meta name=\"robots\" content=\"index, follow, max-snippet:-1, max-image-preview:large, max-video-preview:-1\" \/>\n<link rel=\"canonical\" href=\"https:\/\/vinag1847.si\/en\/product\/laski-rizling-noble\/\" \/>\n<meta property=\"og:locale\" content=\"en_GB\" \/>\n<meta property=\"og:type\" content=\"article\" \/>\n<meta property=\"og:title\" content=\"La\u0161ki rizling Noble - Vinag 1847\" \/>\n<meta property=\"og:description\" content=\"Vino je globoke zlato-rumene barve, prepletene z ne\u017enim jantarnim odtenkom. Intenzivna cvetica razkriva note kandirane pomaran\u010de, aromati\u010dnih zeli\u0161\u010d in pra\u017eene \u010debule, ob tem pa se subtilno zaznajo tudi petrolejaste sledi, rezultat podalj\u0161ane maceracije.  Vino je kompleksno, mineralno in prijetno sve\u017ee, z intenzivnim, polnim okusom ter elegantno dolgotrajnim zaklju\u010dkom. Vonj spominja na smolnato-balzami\u010dne tone, prepletene z dimnimi in rahlo sladkastimi odtenki, ki \u0161e poudarjajo njegovo izrazito karakternost.   Hrana: Hladne predjedi, pr\u0161ut, svinjina, \u0161kampi, spajanje z zeli\u0161\u010di.  Alkohol: 12,5%  Sladkorna stopnja: suho  Sorta: La\u0161ki rizling  VINIFIKACIJA: Klasi\u010dna maceracija, ki traja 2 meseca. Zorjen 18 mesecev 1\/2 in v inox cisterni 1\/2. Vino je nato zdru\u017eeno in polnjeno v steklenice.\u00a0 Je nefiltriran.  Volumen: 0,75 l\" \/>\n<meta property=\"og:url\" content=\"https:\/\/vinag1847.si\/en\/product\/laski-rizling-noble\/\" \/>\n<meta property=\"og:site_name\" content=\"Vinag 1847\" \/>\n<meta property=\"article:publisher\" content=\"https:\/\/www.facebook.com\/winecellarvinag\" \/>\n<meta property=\"article:modified_time\" content=\"2026-02-26T10:48:03+00:00\" \/>\n<meta property=\"og:image\" content=\"https:\/\/vinag1847.si\/wp-content\/uploads\/2023\/10\/laski-rizling-noble-1.jpg\" \/>\n\t<meta property=\"og:image:width\" content=\"500\" \/>\n\t<meta property=\"og:image:height\" content=\"500\" \/>\n\t<meta property=\"og:image:type\" content=\"image\/jpeg\" \/>\n<meta name=\"twitter:card\" content=\"summary_large_image\" \/>\n<meta name=\"twitter:label1\" content=\"Estimated reading time\" \/>\n\t<meta name=\"twitter:data1\" content=\"1 minute\" \/>\n<script type=\"application\/ld+json\" class=\"yoast-schema-graph\">{\"@context\":\"https:\\\/\\\/schema.org\",\"@graph\":[{\"@type\":\"WebPage\",\"@id\":\"https:\\\/\\\/vinag1847.si\\\/izdelek\\\/laski-rizling-noble\\\/\",\"url\":\"https:\\\/\\\/vinag1847.si\\\/izdelek\\\/laski-rizling-noble\\\/\",\"name\":\"La\u0161ki rizling Noble - Vinag 1847\",\"isPartOf\":{\"@id\":\"https:\\\/\\\/vinag1847.si\\\/#website\"},\"primaryImageOfPage\":{\"@id\":\"https:\\\/\\\/vinag1847.si\\\/izdelek\\\/laski-rizling-noble\\\/#primaryimage\"},\"image\":{\"@id\":\"https:\\\/\\\/vinag1847.si\\\/izdelek\\\/laski-rizling-noble\\\/#primaryimage\"},\"thumbnailUrl\":\"https:\\\/\\\/i0.wp.com\\\/vinag1847.si\\\/wp-content\\\/uploads\\\/2023\\\/10\\\/laski-rizling-noble-1.jpg?fit=500%2C500&ssl=1\",\"datePublished\":\"2023-10-09T07:06:48+00:00\",\"dateModified\":\"2026-02-26T10:48:03+00:00\",\"breadcrumb\":{\"@id\":\"https:\\\/\\\/vinag1847.si\\\/izdelek\\\/laski-rizling-noble\\\/#breadcrumb\"},\"inLanguage\":\"en-GB\",\"potentialAction\":[{\"@type\":\"ReadAction\",\"target\":[\"https:\\\/\\\/vinag1847.si\\\/izdelek\\\/laski-rizling-noble\\\/\"]}]},{\"@type\":\"ImageObject\",\"inLanguage\":\"en-GB\",\"@id\":\"https:\\\/\\\/vinag1847.si\\\/izdelek\\\/laski-rizling-noble\\\/#primaryimage\",\"url\":\"https:\\\/\\\/i0.wp.com\\\/vinag1847.si\\\/wp-content\\\/uploads\\\/2023\\\/10\\\/laski-rizling-noble-1.jpg?fit=500%2C500&ssl=1\",\"contentUrl\":\"https:\\\/\\\/i0.wp.com\\\/vinag1847.si\\\/wp-content\\\/uploads\\\/2023\\\/10\\\/laski-rizling-noble-1.jpg?fit=500%2C500&ssl=1\",\"width\":500,\"height\":500},{\"@type\":\"BreadcrumbList\",\"@id\":\"https:\\\/\\\/vinag1847.si\\\/izdelek\\\/laski-rizling-noble\\\/#breadcrumb\",\"itemListElement\":[{\"@type\":\"ListItem\",\"position\":1,\"name\":\"Home\",\"item\":\"https:\\\/\\\/vinag1847.si\\\/\"},{\"@type\":\"ListItem\",\"position\":2,\"name\":\"Spletna vinoteka\",\"item\":\"https:\\\/\\\/vinag1847.si\\\/en\\\/vinoteka\\\/\"},{\"@type\":\"ListItem\",\"position\":3,\"name\":\"La\u0161ki rizling Noble\"}]},{\"@type\":\"WebSite\",\"@id\":\"https:\\\/\\\/vinag1847.si\\\/#website\",\"url\":\"https:\\\/\\\/vinag1847.si\\\/\",\"name\":\"Vinag 1847\",\"description\":\"Vinska klet in spletna trgovina\",\"publisher\":{\"@id\":\"https:\\\/\\\/vinag1847.si\\\/#organization\"},\"potentialAction\":[{\"@type\":\"SearchAction\",\"target\":{\"@type\":\"EntryPoint\",\"urlTemplate\":\"https:\\\/\\\/vinag1847.si\\\/?s={search_term_string}\"},\"query-input\":{\"@type\":\"PropertyValueSpecification\",\"valueRequired\":true,\"valueName\":\"search_term_string\"}}],\"inLanguage\":\"en-GB\"},{\"@type\":\"Organization\",\"@id\":\"https:\\\/\\\/vinag1847.si\\\/#organization\",\"name\":\"Vinag 1847\",\"url\":\"https:\\\/\\\/vinag1847.si\\\/\",\"logo\":{\"@type\":\"ImageObject\",\"inLanguage\":\"en-GB\",\"@id\":\"https:\\\/\\\/vinag1847.si\\\/#\\\/schema\\\/logo\\\/image\\\/\",\"url\":\"https:\\\/\\\/i0.wp.com\\\/vinag1847.si\\\/wp-content\\\/uploads\\\/2019\\\/10\\\/VINAG_LOGOTIP_2021_BLACK_VECTOR.png?fit=375%2C283&ssl=1\",\"contentUrl\":\"https:\\\/\\\/i0.wp.com\\\/vinag1847.si\\\/wp-content\\\/uploads\\\/2019\\\/10\\\/VINAG_LOGOTIP_2021_BLACK_VECTOR.png?fit=375%2C283&ssl=1\",\"width\":375,\"height\":283,\"caption\":\"Vinag 1847\"},\"image\":{\"@id\":\"https:\\\/\\\/vinag1847.si\\\/#\\\/schema\\\/logo\\\/image\\\/\"},\"sameAs\":[\"https:\\\/\\\/www.facebook.com\\\/winecellarvinag\"]}]}<\/script>\n<!-- \/ Yoast SEO plugin. -->","yoast_head_json":{"title":"La\u0161ki rizling Noble - Vinag 1847","robots":{"index":"index","follow":"follow","max-snippet":"max-snippet:-1","max-image-preview":"max-image-preview:large","max-video-preview":"max-video-preview:-1"},"canonical":"https:\/\/vinag1847.si\/en\/product\/laski-rizling-noble\/","og_locale":"en_GB","og_type":"article","og_title":"La\u0161ki rizling Noble - Vinag 1847","og_description":"Vino je globoke zlato-rumene barve, prepletene z ne\u017enim jantarnim odtenkom. Intenzivna cvetica razkriva note kandirane pomaran\u010de, aromati\u010dnih zeli\u0161\u010d in pra\u017eene \u010debule, ob tem pa se subtilno zaznajo tudi petrolejaste sledi, rezultat podalj\u0161ane maceracije.  Vino je kompleksno, mineralno in prijetno sve\u017ee, z intenzivnim, polnim okusom ter elegantno dolgotrajnim zaklju\u010dkom. Vonj spominja na smolnato-balzami\u010dne tone, prepletene z dimnimi in rahlo sladkastimi odtenki, ki \u0161e poudarjajo njegovo izrazito karakternost.   Hrana: Hladne predjedi, pr\u0161ut, svinjina, \u0161kampi, spajanje z zeli\u0161\u010di.  Alkohol: 12,5%  Sladkorna stopnja: suho  Sorta: La\u0161ki rizling  VINIFIKACIJA: Klasi\u010dna maceracija, ki traja 2 meseca. Zorjen 18 mesecev 1\/2 in v inox cisterni 1\/2. Vino je nato zdru\u017eeno in polnjeno v steklenice.\u00a0 Je nefiltriran.  Volumen: 0,75 l","og_url":"https:\/\/vinag1847.si\/en\/product\/laski-rizling-noble\/","og_site_name":"Vinag 1847","article_publisher":"https:\/\/www.facebook.com\/winecellarvinag","article_modified_time":"2026-02-26T10:48:03+00:00","og_image":[{"width":500,"height":500,"url":"https:\/\/vinag1847.si\/wp-content\/uploads\/2023\/10\/laski-rizling-noble-1.jpg","type":"image\/jpeg"}],"twitter_card":"summary_large_image","twitter_misc":{"Estimated reading time":"1 minute"},"schema":{"@context":"https:\/\/schema.org","@graph":[{"@type":"WebPage","@id":"https:\/\/vinag1847.si\/izdelek\/laski-rizling-noble\/","url":"https:\/\/vinag1847.si\/izdelek\/laski-rizling-noble\/","name":"La\u0161ki rizling Noble - Vinag 1847","isPartOf":{"@id":"https:\/\/vinag1847.si\/#website"},"primaryImageOfPage":{"@id":"https:\/\/vinag1847.si\/izdelek\/laski-rizling-noble\/#primaryimage"},"image":{"@id":"https:\/\/vinag1847.si\/izdelek\/laski-rizling-noble\/#primaryimage"},"thumbnailUrl":"https:\/\/i0.wp.com\/vinag1847.si\/wp-content\/uploads\/2023\/10\/laski-rizling-noble-1.jpg?fit=500%2C500&ssl=1","datePublished":"2023-10-09T07:06:48+00:00","dateModified":"2026-02-26T10:48:03+00:00","breadcrumb":{"@id":"https:\/\/vinag1847.si\/izdelek\/laski-rizling-noble\/#breadcrumb"},"inLanguage":"en-GB","potentialAction":[{"@type":"ReadAction","target":["https:\/\/vinag1847.si\/izdelek\/laski-rizling-noble\/"]}]},{"@type":"ImageObject","inLanguage":"en-GB","@id":"https:\/\/vinag1847.si\/izdelek\/laski-rizling-noble\/#primaryimage","url":"https:\/\/i0.wp.com\/vinag1847.si\/wp-content\/uploads\/2023\/10\/laski-rizling-noble-1.jpg?fit=500%2C500&ssl=1","contentUrl":"https:\/\/i0.wp.com\/vinag1847.si\/wp-content\/uploads\/2023\/10\/laski-rizling-noble-1.jpg?fit=500%2C500&ssl=1","width":500,"height":500},{"@type":"BreadcrumbList","@id":"https:\/\/vinag1847.si\/izdelek\/laski-rizling-noble\/#breadcrumb","itemListElement":[{"@type":"ListItem","position":1,"name":"Home","item":"https:\/\/vinag1847.si\/"},{"@type":"ListItem","position":2,"name":"Spletna vinoteka","item":"https:\/\/vinag1847.si\/en\/vinoteka\/"},{"@type":"ListItem","position":3,"name":"La\u0161ki rizling Noble"}]},{"@type":"WebSite","@id":"https:\/\/vinag1847.si\/#website","url":"https:\/\/vinag1847.si\/","name":"Vinag 1847","description":"Vinska klet in spletna trgovina","publisher":{"@id":"https:\/\/vinag1847.si\/#organization"},"potentialAction":[{"@type":"SearchAction","target":{"@type":"EntryPoint","urlTemplate":"https:\/\/vinag1847.si\/?s={search_term_string}"},"query-input":{"@type":"PropertyValueSpecification","valueRequired":true,"valueName":"search_term_string"}}],"inLanguage":"en-GB"},{"@type":"Organization","@id":"https:\/\/vinag1847.si\/#organization","name":"Vinag 1847","url":"https:\/\/vinag1847.si\/","logo":{"@type":"ImageObject","inLanguage":"en-GB","@id":"https:\/\/vinag1847.si\/#\/schema\/logo\/image\/","url":"https:\/\/i0.wp.com\/vinag1847.si\/wp-content\/uploads\/2019\/10\/VINAG_LOGOTIP_2021_BLACK_VECTOR.png?fit=375%2C283&ssl=1","contentUrl":"https:\/\/i0.wp.com\/vinag1847.si\/wp-content\/uploads\/2019\/10\/VINAG_LOGOTIP_2021_BLACK_VECTOR.png?fit=375%2C283&ssl=1","width":375,"height":283,"caption":"Vinag 1847"},"image":{"@id":"https:\/\/vinag1847.si\/#\/schema\/logo\/image\/"},"sameAs":["https:\/\/www.facebook.com\/winecellarvinag"]}]}},"jetpack_sharing_enabled":true,"publishpress_future_action":{"enabled":false,"date":"2026-05-03 17:30:24","action":"change-status","newStatus":"draft","terms":[],"taxonomy":"product_brand","extraData":[]},"publishpress_future_workflow_manual_trigger":{"enabledWorkflows":[]},"_links":{"self":[{"href":"https:\/\/vinag1847.si\/en\/wp-json\/wp\/v2\/product\/1307","targetHints":{"allow":["GET"]}}],"collection":[{"href":"https:\/\/vinag1847.si\/en\/wp-json\/wp\/v2\/product"}],"about":[{"href":"https:\/\/vinag1847.si\/en\/wp-json\/wp\/v2\/types\/product"}],"wp:featuredmedia":[{"embeddable":true,"href":"https:\/\/vinag1847.si\/en\/wp-json\/wp\/v2\/media\/1318"}],"wp:attachment":[{"href":"https:\/\/vinag1847.si\/en\/wp-json\/wp\/v2\/media?parent=1307"}],"wp:term":[{"taxonomy":"product_brand","embeddable":true,"href":"https:\/\/vinag1847.si\/en\/wp-json\/wp\/v2\/product_brand?post=1307"},{"taxonomy":"product_cat","embeddable":true,"href":"https:\/\/vinag1847.si\/en\/wp-json\/wp\/v2\/product_cat?post=1307"},{"taxonomy":"product_tag","embeddable":true,"href":"https:\/\/vinag1847.si\/en\/wp-json\/wp\/v2\/product_tag?post=1307"}],"curies":[{"name":"wp","href":"https:\/\/api.w.org\/{rel}","templated":true}]}}