{"id":674,"date":"2022-02-24T18:13:21","date_gmt":"2022-02-24T17:13:21","guid":{"rendered":"https:\/\/vinag1847.si\/?post_type=product&#038;p=674"},"modified":"2026-02-26T11:49:31","modified_gmt":"2026-02-26T10:49:31","slug":"mariborcan-1l","status":"publish","type":"product","link":"https:\/\/vinag1847.si\/en\/product\/mariborcan-1l\/","title":{"rendered":"Maribor\u010dan 1l"},"content":{"rendered":"","protected":false},"excerpt":{"rendered":"<p>Sve\u017ee vino z zmerno kislino in prijetnim preostankom sladkorja takoj o\u010dara s svojo lahkotnostjo in izjemno pitnostjo.<\/p>\n<p>Briljantno, slamnato rumene barve z ne\u017enim zelenkastim odtenkom in nekoliko gostej\u0161o teksturo. Intenzivna aromatika razkriva note limone, pomela, melone, breskve, bele vrtnice in sve\u017ee trave.<\/p>\n<p>Vino je suho, z \u017eivahno sve\u017eino in lepo izra\u017eeno mineralnostjo, ki se harmoni\u010dno prepleta z rahlim preostankom sladkorja. Okus je intenziven, razmeroma poln in elegantno obstojen, v ustih pa se prijetno potrjujejo sadne in cvetne zaznave.<\/p>\n<ul>\n<li><strong>Food:<\/strong> starters, tender appetizers, warm bread with a slice of lard, raw langoustine, or prawns<\/li>\n<li><strong>Alcohol:<\/strong> 12,0 %<\/li>\n<li><strong>Sugar level:<\/strong> dry<\/li>\n<li><strong>Type:<\/strong> Sauvignon blanc, Beli pinot, Rizvanec, La\u0161ki rizling, Chardonnay<\/li>\n<li><strong>Volumen:<\/strong> 1 l<\/li>\n<\/ul>","protected":false},"featured_media":825,"template":"","meta":[],"product_brand":[],"product_cat":[86],"product_tag":[],"class_list":{"0":"post-674","1":"product","2":"type-product","3":"status-publish","4":"has-post-thumbnail","6":"product_cat-linija-cuve","8":"first","9":"instock","10":"taxable","11":"shipping-taxable","12":"purchasable","13":"product-type-simple"},"yoast_head":"<!-- This site is optimized with the Yoast SEO plugin v27.4 - https:\/\/yoast.com\/product\/yoast-seo-wordpress\/ -->\n<title>Maribor\u010dan 1l - Vinag 1847<\/title>\n<meta name=\"robots\" content=\"index, follow, max-snippet:-1, max-image-preview:large, max-video-preview:-1\" \/>\n<link rel=\"canonical\" href=\"https:\/\/vinag1847.si\/en\/product\/mariborcan-1l\/\" \/>\n<meta property=\"og:locale\" content=\"en_GB\" \/>\n<meta property=\"og:type\" content=\"article\" \/>\n<meta property=\"og:title\" content=\"Maribor\u010dan 1l - Vinag 1847\" \/>\n<meta property=\"og:description\" content=\"Sve\u017ee vino z zmerno kislino in prijetnim preostankom sladkorja takoj o\u010dara s svojo lahkotnostjo in izjemno pitnostjo.  Briljantno, slamnato rumene barve z ne\u017enim zelenkastim odtenkom in nekoliko gostej\u0161o teksturo. Intenzivna aromatika razkriva note limone, pomela, melone, breskve, bele vrtnice in sve\u017ee trave.  Vino je suho, z \u017eivahno sve\u017eino in lepo izra\u017eeno mineralnostjo, ki se harmoni\u010dno prepleta z rahlim preostankom sladkorja. Okus je intenziven, razmeroma poln in elegantno obstojen, v ustih pa se prijetno potrjujejo sadne in cvetne zaznave.   Hrana: za\u010detne, ne\u017ene predjedi, topel kruh z rezino larda, surovi \u0161kampi ali kozice  Alkohol: 12,0 %  Sladkorna stopnja: suho  Sorta: Sauvignon blanc, Beli pinot, Rizvanec, La\u0161ki rizling, Chardonnay  Volumen: 1 l\" \/>\n<meta property=\"og:url\" content=\"https:\/\/vinag1847.si\/en\/product\/mariborcan-1l\/\" \/>\n<meta property=\"og:site_name\" content=\"Vinag 1847\" \/>\n<meta property=\"article:publisher\" content=\"https:\/\/www.facebook.com\/winecellarvinag\" \/>\n<meta property=\"article:modified_time\" content=\"2026-02-26T10:49:31+00:00\" \/>\n<meta property=\"og:image\" content=\"https:\/\/vinag1847.si\/wp-content\/uploads\/2022\/02\/mariborcan.jpg\" \/>\n\t<meta property=\"og:image:width\" content=\"500\" \/>\n\t<meta property=\"og:image:height\" content=\"500\" \/>\n\t<meta property=\"og:image:type\" content=\"image\/jpeg\" \/>\n<meta name=\"twitter:card\" content=\"summary_large_image\" \/>\n<meta name=\"twitter:label1\" content=\"Estimated reading time\" \/>\n\t<meta name=\"twitter:data1\" content=\"1 minute\" \/>\n<script type=\"application\/ld+json\" class=\"yoast-schema-graph\">{\"@context\":\"https:\\\/\\\/schema.org\",\"@graph\":[{\"@type\":\"WebPage\",\"@id\":\"https:\\\/\\\/vinag1847.si\\\/izdelek\\\/mariborcan-1l\\\/\",\"url\":\"https:\\\/\\\/vinag1847.si\\\/izdelek\\\/mariborcan-1l\\\/\",\"name\":\"Maribor\u010dan 1l - Vinag 1847\",\"isPartOf\":{\"@id\":\"https:\\\/\\\/vinag1847.si\\\/#website\"},\"primaryImageOfPage\":{\"@id\":\"https:\\\/\\\/vinag1847.si\\\/izdelek\\\/mariborcan-1l\\\/#primaryimage\"},\"image\":{\"@id\":\"https:\\\/\\\/vinag1847.si\\\/izdelek\\\/mariborcan-1l\\\/#primaryimage\"},\"thumbnailUrl\":\"https:\\\/\\\/i0.wp.com\\\/vinag1847.si\\\/wp-content\\\/uploads\\\/2022\\\/02\\\/mariborcan.jpg?fit=500%2C500&ssl=1\",\"datePublished\":\"2022-02-24T17:13:21+00:00\",\"dateModified\":\"2026-02-26T10:49:31+00:00\",\"breadcrumb\":{\"@id\":\"https:\\\/\\\/vinag1847.si\\\/izdelek\\\/mariborcan-1l\\\/#breadcrumb\"},\"inLanguage\":\"en-GB\",\"potentialAction\":[{\"@type\":\"ReadAction\",\"target\":[\"https:\\\/\\\/vinag1847.si\\\/izdelek\\\/mariborcan-1l\\\/\"]}]},{\"@type\":\"ImageObject\",\"inLanguage\":\"en-GB\",\"@id\":\"https:\\\/\\\/vinag1847.si\\\/izdelek\\\/mariborcan-1l\\\/#primaryimage\",\"url\":\"https:\\\/\\\/i0.wp.com\\\/vinag1847.si\\\/wp-content\\\/uploads\\\/2022\\\/02\\\/mariborcan.jpg?fit=500%2C500&ssl=1\",\"contentUrl\":\"https:\\\/\\\/i0.wp.com\\\/vinag1847.si\\\/wp-content\\\/uploads\\\/2022\\\/02\\\/mariborcan.jpg?fit=500%2C500&ssl=1\",\"width\":500,\"height\":500},{\"@type\":\"BreadcrumbList\",\"@id\":\"https:\\\/\\\/vinag1847.si\\\/izdelek\\\/mariborcan-1l\\\/#breadcrumb\",\"itemListElement\":[{\"@type\":\"ListItem\",\"position\":1,\"name\":\"Home\",\"item\":\"https:\\\/\\\/vinag1847.si\\\/\"},{\"@type\":\"ListItem\",\"position\":2,\"name\":\"Spletna vinoteka\",\"item\":\"https:\\\/\\\/vinag1847.si\\\/en\\\/vinoteka\\\/\"},{\"@type\":\"ListItem\",\"position\":3,\"name\":\"Maribor\u010dan 1l\"}]},{\"@type\":\"WebSite\",\"@id\":\"https:\\\/\\\/vinag1847.si\\\/#website\",\"url\":\"https:\\\/\\\/vinag1847.si\\\/\",\"name\":\"Vinag 1847\",\"description\":\"Vinska klet in spletna trgovina\",\"publisher\":{\"@id\":\"https:\\\/\\\/vinag1847.si\\\/#organization\"},\"potentialAction\":[{\"@type\":\"SearchAction\",\"target\":{\"@type\":\"EntryPoint\",\"urlTemplate\":\"https:\\\/\\\/vinag1847.si\\\/?s={search_term_string}\"},\"query-input\":{\"@type\":\"PropertyValueSpecification\",\"valueRequired\":true,\"valueName\":\"search_term_string\"}}],\"inLanguage\":\"en-GB\"},{\"@type\":\"Organization\",\"@id\":\"https:\\\/\\\/vinag1847.si\\\/#organization\",\"name\":\"Vinag 1847\",\"url\":\"https:\\\/\\\/vinag1847.si\\\/\",\"logo\":{\"@type\":\"ImageObject\",\"inLanguage\":\"en-GB\",\"@id\":\"https:\\\/\\\/vinag1847.si\\\/#\\\/schema\\\/logo\\\/image\\\/\",\"url\":\"https:\\\/\\\/i0.wp.com\\\/vinag1847.si\\\/wp-content\\\/uploads\\\/2019\\\/10\\\/VINAG_LOGOTIP_2021_BLACK_VECTOR.png?fit=375%2C283&ssl=1\",\"contentUrl\":\"https:\\\/\\\/i0.wp.com\\\/vinag1847.si\\\/wp-content\\\/uploads\\\/2019\\\/10\\\/VINAG_LOGOTIP_2021_BLACK_VECTOR.png?fit=375%2C283&ssl=1\",\"width\":375,\"height\":283,\"caption\":\"Vinag 1847\"},\"image\":{\"@id\":\"https:\\\/\\\/vinag1847.si\\\/#\\\/schema\\\/logo\\\/image\\\/\"},\"sameAs\":[\"https:\\\/\\\/www.facebook.com\\\/winecellarvinag\"]}]}<\/script>\n<!-- \/ Yoast SEO plugin. -->","yoast_head_json":{"title":"Maribor\u010dan 1l - Vinag 1847","robots":{"index":"index","follow":"follow","max-snippet":"max-snippet:-1","max-image-preview":"max-image-preview:large","max-video-preview":"max-video-preview:-1"},"canonical":"https:\/\/vinag1847.si\/en\/product\/mariborcan-1l\/","og_locale":"en_GB","og_type":"article","og_title":"Maribor\u010dan 1l - Vinag 1847","og_description":"Sve\u017ee vino z zmerno kislino in prijetnim preostankom sladkorja takoj o\u010dara s svojo lahkotnostjo in izjemno pitnostjo.  Briljantno, slamnato rumene barve z ne\u017enim zelenkastim odtenkom in nekoliko gostej\u0161o teksturo. Intenzivna aromatika razkriva note limone, pomela, melone, breskve, bele vrtnice in sve\u017ee trave.  Vino je suho, z \u017eivahno sve\u017eino in lepo izra\u017eeno mineralnostjo, ki se harmoni\u010dno prepleta z rahlim preostankom sladkorja. Okus je intenziven, razmeroma poln in elegantno obstojen, v ustih pa se prijetno potrjujejo sadne in cvetne zaznave.   Hrana: za\u010detne, ne\u017ene predjedi, topel kruh z rezino larda, surovi \u0161kampi ali kozice  Alkohol: 12,0 %  Sladkorna stopnja: suho  Sorta: Sauvignon blanc, Beli pinot, Rizvanec, La\u0161ki rizling, Chardonnay  Volumen: 1 l","og_url":"https:\/\/vinag1847.si\/en\/product\/mariborcan-1l\/","og_site_name":"Vinag 1847","article_publisher":"https:\/\/www.facebook.com\/winecellarvinag","article_modified_time":"2026-02-26T10:49:31+00:00","og_image":[{"width":500,"height":500,"url":"https:\/\/vinag1847.si\/wp-content\/uploads\/2022\/02\/mariborcan.jpg","type":"image\/jpeg"}],"twitter_card":"summary_large_image","twitter_misc":{"Estimated reading time":"1 minute"},"schema":{"@context":"https:\/\/schema.org","@graph":[{"@type":"WebPage","@id":"https:\/\/vinag1847.si\/izdelek\/mariborcan-1l\/","url":"https:\/\/vinag1847.si\/izdelek\/mariborcan-1l\/","name":"Maribor\u010dan 1l - Vinag 1847","isPartOf":{"@id":"https:\/\/vinag1847.si\/#website"},"primaryImageOfPage":{"@id":"https:\/\/vinag1847.si\/izdelek\/mariborcan-1l\/#primaryimage"},"image":{"@id":"https:\/\/vinag1847.si\/izdelek\/mariborcan-1l\/#primaryimage"},"thumbnailUrl":"https:\/\/i0.wp.com\/vinag1847.si\/wp-content\/uploads\/2022\/02\/mariborcan.jpg?fit=500%2C500&ssl=1","datePublished":"2022-02-24T17:13:21+00:00","dateModified":"2026-02-26T10:49:31+00:00","breadcrumb":{"@id":"https:\/\/vinag1847.si\/izdelek\/mariborcan-1l\/#breadcrumb"},"inLanguage":"en-GB","potentialAction":[{"@type":"ReadAction","target":["https:\/\/vinag1847.si\/izdelek\/mariborcan-1l\/"]}]},{"@type":"ImageObject","inLanguage":"en-GB","@id":"https:\/\/vinag1847.si\/izdelek\/mariborcan-1l\/#primaryimage","url":"https:\/\/i0.wp.com\/vinag1847.si\/wp-content\/uploads\/2022\/02\/mariborcan.jpg?fit=500%2C500&ssl=1","contentUrl":"https:\/\/i0.wp.com\/vinag1847.si\/wp-content\/uploads\/2022\/02\/mariborcan.jpg?fit=500%2C500&ssl=1","width":500,"height":500},{"@type":"BreadcrumbList","@id":"https:\/\/vinag1847.si\/izdelek\/mariborcan-1l\/#breadcrumb","itemListElement":[{"@type":"ListItem","position":1,"name":"Home","item":"https:\/\/vinag1847.si\/"},{"@type":"ListItem","position":2,"name":"Spletna vinoteka","item":"https:\/\/vinag1847.si\/en\/vinoteka\/"},{"@type":"ListItem","position":3,"name":"Maribor\u010dan 1l"}]},{"@type":"WebSite","@id":"https:\/\/vinag1847.si\/#website","url":"https:\/\/vinag1847.si\/","name":"Vinag 1847","description":"Vinska klet in spletna trgovina","publisher":{"@id":"https:\/\/vinag1847.si\/#organization"},"potentialAction":[{"@type":"SearchAction","target":{"@type":"EntryPoint","urlTemplate":"https:\/\/vinag1847.si\/?s={search_term_string}"},"query-input":{"@type":"PropertyValueSpecification","valueRequired":true,"valueName":"search_term_string"}}],"inLanguage":"en-GB"},{"@type":"Organization","@id":"https:\/\/vinag1847.si\/#organization","name":"Vinag 1847","url":"https:\/\/vinag1847.si\/","logo":{"@type":"ImageObject","inLanguage":"en-GB","@id":"https:\/\/vinag1847.si\/#\/schema\/logo\/image\/","url":"https:\/\/i0.wp.com\/vinag1847.si\/wp-content\/uploads\/2019\/10\/VINAG_LOGOTIP_2021_BLACK_VECTOR.png?fit=375%2C283&ssl=1","contentUrl":"https:\/\/i0.wp.com\/vinag1847.si\/wp-content\/uploads\/2019\/10\/VINAG_LOGOTIP_2021_BLACK_VECTOR.png?fit=375%2C283&ssl=1","width":375,"height":283,"caption":"Vinag 1847"},"image":{"@id":"https:\/\/vinag1847.si\/#\/schema\/logo\/image\/"},"sameAs":["https:\/\/www.facebook.com\/winecellarvinag"]}]}},"jetpack_sharing_enabled":true,"publishpress_future_action":{"enabled":false,"date":"2026-04-23 04:34:18","action":"change-status","newStatus":"draft","terms":[],"taxonomy":"product_brand","extraData":[]},"publishpress_future_workflow_manual_trigger":{"enabledWorkflows":[]},"_links":{"self":[{"href":"https:\/\/vinag1847.si\/en\/wp-json\/wp\/v2\/product\/674","targetHints":{"allow":["GET"]}}],"collection":[{"href":"https:\/\/vinag1847.si\/en\/wp-json\/wp\/v2\/product"}],"about":[{"href":"https:\/\/vinag1847.si\/en\/wp-json\/wp\/v2\/types\/product"}],"wp:featuredmedia":[{"embeddable":true,"href":"https:\/\/vinag1847.si\/en\/wp-json\/wp\/v2\/media\/825"}],"wp:attachment":[{"href":"https:\/\/vinag1847.si\/en\/wp-json\/wp\/v2\/media?parent=674"}],"wp:term":[{"taxonomy":"product_brand","embeddable":true,"href":"https:\/\/vinag1847.si\/en\/wp-json\/wp\/v2\/product_brand?post=674"},{"taxonomy":"product_cat","embeddable":true,"href":"https:\/\/vinag1847.si\/en\/wp-json\/wp\/v2\/product_cat?post=674"},{"taxonomy":"product_tag","embeddable":true,"href":"https:\/\/vinag1847.si\/en\/wp-json\/wp\/v2\/product_tag?post=674"}],"curies":[{"name":"wp","href":"https:\/\/api.w.org\/{rel}","templated":true}]}}