{"id":676,"date":"2022-02-24T18:13:51","date_gmt":"2022-02-24T17:13:51","guid":{"rendered":"https:\/\/vinag1847.si\/?post_type=product&#038;p=676"},"modified":"2026-02-26T11:49:49","modified_gmt":"2026-02-26T10:49:49","slug":"mariborcanka-1l","status":"publish","type":"product","link":"https:\/\/vinag1847.si\/en\/product\/mariborcanka-1l\/","title":{"rendered":"Maribor\u010danka 1l"},"content":{"rendered":"","protected":false},"excerpt":{"rendered":"<p>Klasi\u010dnemu sortnemu sestavu Maribor\u010dana smo dodali subtilen kan\u010dek rumenega mu\u0161kata. Nekoliko vi\u0161ji preostanek sladkorja in zmerna kislina sta lepo uravnote\u017eena, vino pa v vonju in okusu samozavestno razkriva zna\u010dilne mu\u0161katne note. Sve\u017ee, sadno in lahkotno, idealno za prijetne trenutke.<\/p>\n<p>Vino se predstavlja v slamnato rumeni barvi, z zelo prosojnim in kristalno \u010distim odsevom.<\/p>\n<p>Cvetica je izrazito poudarjena in prefinjena. Zaznamo zeleno jabolko, rumeno grenivko, bergamotko in limeto, dopolnjujejo pa jih ne\u017ene note bezgovega cveta, sve\u017ee poko\u0161ene trave in mete.<\/p>\n<p>V ustih okus odli\u010dno uravnote\u017eita sve\u017eina in mineralnost, kar podalj\u0161uje prijeten in eleganten pookus. Vino deluje intenzivno in elegantno, srednjega telesa in strukture, z jasnimi sadnimi in citrusnimi zaznavami, obogatenimi z aromami bezga, trave in mete.<\/p>\n<ul>\n<li><strong>Food:<\/strong> gentle appetizers such as sea bass carpaccio, or canapes with trout caviar, also tramezzini<\/li>\n<li><strong>Alcohol:<\/strong> 11,5%<\/li>\n<li><strong>Sugar level:<\/strong> half sweet<\/li>\n<li><strong>Type:<\/strong> Sauvignon blanc, Beli pinot, Rizvanec, La\u0161ki rizling, Chardonnay, Rumeni mu\u0161kat<\/li>\n<li><strong>Volumen:<\/strong> 1 l<\/li>\n<\/ul>","protected":false},"featured_media":826,"template":"","meta":[],"product_brand":[],"product_cat":[86],"product_tag":[],"class_list":{"0":"post-676","1":"product","2":"type-product","3":"status-publish","4":"has-post-thumbnail","6":"product_cat-linija-cuve","8":"first","9":"instock","10":"taxable","11":"shipping-taxable","12":"purchasable","13":"product-type-simple"},"yoast_head":"<!-- This site is optimized with the Yoast SEO plugin v27.4 - https:\/\/yoast.com\/product\/yoast-seo-wordpress\/ -->\n<title>Maribor\u010danka 1l - Vinag 1847<\/title>\n<meta name=\"robots\" content=\"index, follow, max-snippet:-1, max-image-preview:large, max-video-preview:-1\" \/>\n<link rel=\"canonical\" href=\"https:\/\/vinag1847.si\/en\/product\/mariborcanka-1l\/\" \/>\n<meta property=\"og:locale\" content=\"en_GB\" \/>\n<meta property=\"og:type\" content=\"article\" \/>\n<meta property=\"og:title\" content=\"Maribor\u010danka 1l - Vinag 1847\" \/>\n<meta property=\"og:description\" content=\"Klasi\u010dnemu sortnemu sestavu Maribor\u010dana smo dodali subtilen kan\u010dek rumenega mu\u0161kata. Nekoliko vi\u0161ji preostanek sladkorja in zmerna kislina sta lepo uravnote\u017eena, vino pa v vonju in okusu samozavestno razkriva zna\u010dilne mu\u0161katne note. Sve\u017ee, sadno in lahkotno, idealno za prijetne trenutke.  Vino se predstavlja v slamnato rumeni barvi, z zelo prosojnim in kristalno \u010distim odsevom.  Cvetica je izrazito poudarjena in prefinjena. Zaznamo zeleno jabolko, rumeno grenivko, bergamotko in limeto, dopolnjujejo pa jih ne\u017ene note bezgovega cveta, sve\u017ee poko\u0161ene trave in mete.  V ustih okus odli\u010dno uravnote\u017eita sve\u017eina in mineralnost, kar podalj\u0161uje prijeten in eleganten pookus. Vino deluje intenzivno in elegantno, srednjega telesa in strukture, z jasnimi sadnimi in citrusnimi zaznavami, obogatenimi z aromami bezga, trave in mete.   Hrana: ne\u017ene predjedi kot brancinov carpaccio, ali pa kanapeji z izkrami zlatov\u0161\u010dice, tudi tramezzini  Alkohol: 11,5%  Sladkorna stopnja: polsladko  Sorta: Sauvignon blanc, Beli pinot, Rizvanec, La\u0161ki rizling, Chardonnay, Rumeni mu\u0161kat  Volumen: 1 l\" \/>\n<meta property=\"og:url\" content=\"https:\/\/vinag1847.si\/en\/product\/mariborcanka-1l\/\" \/>\n<meta property=\"og:site_name\" content=\"Vinag 1847\" \/>\n<meta property=\"article:publisher\" content=\"https:\/\/www.facebook.com\/winecellarvinag\" \/>\n<meta property=\"article:modified_time\" content=\"2026-02-26T10:49:49+00:00\" \/>\n<meta property=\"og:image\" content=\"https:\/\/vinag1847.si\/wp-content\/uploads\/2022\/02\/mariborcanka-1.jpg\" \/>\n\t<meta property=\"og:image:width\" content=\"500\" \/>\n\t<meta property=\"og:image:height\" content=\"500\" \/>\n\t<meta property=\"og:image:type\" content=\"image\/jpeg\" \/>\n<meta name=\"twitter:card\" content=\"summary_large_image\" \/>\n<meta name=\"twitter:label1\" content=\"Estimated reading time\" \/>\n\t<meta name=\"twitter:data1\" content=\"1 minute\" \/>\n<script type=\"application\/ld+json\" class=\"yoast-schema-graph\">{\"@context\":\"https:\\\/\\\/schema.org\",\"@graph\":[{\"@type\":\"WebPage\",\"@id\":\"https:\\\/\\\/vinag1847.si\\\/izdelek\\\/mariborcanka-1l\\\/\",\"url\":\"https:\\\/\\\/vinag1847.si\\\/izdelek\\\/mariborcanka-1l\\\/\",\"name\":\"Maribor\u010danka 1l - Vinag 1847\",\"isPartOf\":{\"@id\":\"https:\\\/\\\/vinag1847.si\\\/#website\"},\"primaryImageOfPage\":{\"@id\":\"https:\\\/\\\/vinag1847.si\\\/izdelek\\\/mariborcanka-1l\\\/#primaryimage\"},\"image\":{\"@id\":\"https:\\\/\\\/vinag1847.si\\\/izdelek\\\/mariborcanka-1l\\\/#primaryimage\"},\"thumbnailUrl\":\"https:\\\/\\\/i0.wp.com\\\/vinag1847.si\\\/wp-content\\\/uploads\\\/2022\\\/02\\\/mariborcanka-1.jpg?fit=500%2C500&ssl=1\",\"datePublished\":\"2022-02-24T17:13:51+00:00\",\"dateModified\":\"2026-02-26T10:49:49+00:00\",\"breadcrumb\":{\"@id\":\"https:\\\/\\\/vinag1847.si\\\/izdelek\\\/mariborcanka-1l\\\/#breadcrumb\"},\"inLanguage\":\"en-GB\",\"potentialAction\":[{\"@type\":\"ReadAction\",\"target\":[\"https:\\\/\\\/vinag1847.si\\\/izdelek\\\/mariborcanka-1l\\\/\"]}]},{\"@type\":\"ImageObject\",\"inLanguage\":\"en-GB\",\"@id\":\"https:\\\/\\\/vinag1847.si\\\/izdelek\\\/mariborcanka-1l\\\/#primaryimage\",\"url\":\"https:\\\/\\\/i0.wp.com\\\/vinag1847.si\\\/wp-content\\\/uploads\\\/2022\\\/02\\\/mariborcanka-1.jpg?fit=500%2C500&ssl=1\",\"contentUrl\":\"https:\\\/\\\/i0.wp.com\\\/vinag1847.si\\\/wp-content\\\/uploads\\\/2022\\\/02\\\/mariborcanka-1.jpg?fit=500%2C500&ssl=1\",\"width\":500,\"height\":500},{\"@type\":\"BreadcrumbList\",\"@id\":\"https:\\\/\\\/vinag1847.si\\\/izdelek\\\/mariborcanka-1l\\\/#breadcrumb\",\"itemListElement\":[{\"@type\":\"ListItem\",\"position\":1,\"name\":\"Home\",\"item\":\"https:\\\/\\\/vinag1847.si\\\/\"},{\"@type\":\"ListItem\",\"position\":2,\"name\":\"Spletna vinoteka\",\"item\":\"https:\\\/\\\/vinag1847.si\\\/en\\\/vinoteka\\\/\"},{\"@type\":\"ListItem\",\"position\":3,\"name\":\"Maribor\u010danka 1l\"}]},{\"@type\":\"WebSite\",\"@id\":\"https:\\\/\\\/vinag1847.si\\\/#website\",\"url\":\"https:\\\/\\\/vinag1847.si\\\/\",\"name\":\"Vinag 1847\",\"description\":\"Vinska klet in spletna trgovina\",\"publisher\":{\"@id\":\"https:\\\/\\\/vinag1847.si\\\/#organization\"},\"potentialAction\":[{\"@type\":\"SearchAction\",\"target\":{\"@type\":\"EntryPoint\",\"urlTemplate\":\"https:\\\/\\\/vinag1847.si\\\/?s={search_term_string}\"},\"query-input\":{\"@type\":\"PropertyValueSpecification\",\"valueRequired\":true,\"valueName\":\"search_term_string\"}}],\"inLanguage\":\"en-GB\"},{\"@type\":\"Organization\",\"@id\":\"https:\\\/\\\/vinag1847.si\\\/#organization\",\"name\":\"Vinag 1847\",\"url\":\"https:\\\/\\\/vinag1847.si\\\/\",\"logo\":{\"@type\":\"ImageObject\",\"inLanguage\":\"en-GB\",\"@id\":\"https:\\\/\\\/vinag1847.si\\\/#\\\/schema\\\/logo\\\/image\\\/\",\"url\":\"https:\\\/\\\/i0.wp.com\\\/vinag1847.si\\\/wp-content\\\/uploads\\\/2019\\\/10\\\/VINAG_LOGOTIP_2021_BLACK_VECTOR.png?fit=375%2C283&ssl=1\",\"contentUrl\":\"https:\\\/\\\/i0.wp.com\\\/vinag1847.si\\\/wp-content\\\/uploads\\\/2019\\\/10\\\/VINAG_LOGOTIP_2021_BLACK_VECTOR.png?fit=375%2C283&ssl=1\",\"width\":375,\"height\":283,\"caption\":\"Vinag 1847\"},\"image\":{\"@id\":\"https:\\\/\\\/vinag1847.si\\\/#\\\/schema\\\/logo\\\/image\\\/\"},\"sameAs\":[\"https:\\\/\\\/www.facebook.com\\\/winecellarvinag\"]}]}<\/script>\n<!-- \/ Yoast SEO plugin. -->","yoast_head_json":{"title":"Maribor\u010danka 1l - Vinag 1847","robots":{"index":"index","follow":"follow","max-snippet":"max-snippet:-1","max-image-preview":"max-image-preview:large","max-video-preview":"max-video-preview:-1"},"canonical":"https:\/\/vinag1847.si\/en\/product\/mariborcanka-1l\/","og_locale":"en_GB","og_type":"article","og_title":"Maribor\u010danka 1l - Vinag 1847","og_description":"Klasi\u010dnemu sortnemu sestavu Maribor\u010dana smo dodali subtilen kan\u010dek rumenega mu\u0161kata. Nekoliko vi\u0161ji preostanek sladkorja in zmerna kislina sta lepo uravnote\u017eena, vino pa v vonju in okusu samozavestno razkriva zna\u010dilne mu\u0161katne note. Sve\u017ee, sadno in lahkotno, idealno za prijetne trenutke.  Vino se predstavlja v slamnato rumeni barvi, z zelo prosojnim in kristalno \u010distim odsevom.  Cvetica je izrazito poudarjena in prefinjena. Zaznamo zeleno jabolko, rumeno grenivko, bergamotko in limeto, dopolnjujejo pa jih ne\u017ene note bezgovega cveta, sve\u017ee poko\u0161ene trave in mete.  V ustih okus odli\u010dno uravnote\u017eita sve\u017eina in mineralnost, kar podalj\u0161uje prijeten in eleganten pookus. Vino deluje intenzivno in elegantno, srednjega telesa in strukture, z jasnimi sadnimi in citrusnimi zaznavami, obogatenimi z aromami bezga, trave in mete.   Hrana: ne\u017ene predjedi kot brancinov carpaccio, ali pa kanapeji z izkrami zlatov\u0161\u010dice, tudi tramezzini  Alkohol: 11,5%  Sladkorna stopnja: polsladko  Sorta: Sauvignon blanc, Beli pinot, Rizvanec, La\u0161ki rizling, Chardonnay, Rumeni mu\u0161kat  Volumen: 1 l","og_url":"https:\/\/vinag1847.si\/en\/product\/mariborcanka-1l\/","og_site_name":"Vinag 1847","article_publisher":"https:\/\/www.facebook.com\/winecellarvinag","article_modified_time":"2026-02-26T10:49:49+00:00","og_image":[{"width":500,"height":500,"url":"https:\/\/vinag1847.si\/wp-content\/uploads\/2022\/02\/mariborcanka-1.jpg","type":"image\/jpeg"}],"twitter_card":"summary_large_image","twitter_misc":{"Estimated reading time":"1 minute"},"schema":{"@context":"https:\/\/schema.org","@graph":[{"@type":"WebPage","@id":"https:\/\/vinag1847.si\/izdelek\/mariborcanka-1l\/","url":"https:\/\/vinag1847.si\/izdelek\/mariborcanka-1l\/","name":"Maribor\u010danka 1l - Vinag 1847","isPartOf":{"@id":"https:\/\/vinag1847.si\/#website"},"primaryImageOfPage":{"@id":"https:\/\/vinag1847.si\/izdelek\/mariborcanka-1l\/#primaryimage"},"image":{"@id":"https:\/\/vinag1847.si\/izdelek\/mariborcanka-1l\/#primaryimage"},"thumbnailUrl":"https:\/\/i0.wp.com\/vinag1847.si\/wp-content\/uploads\/2022\/02\/mariborcanka-1.jpg?fit=500%2C500&ssl=1","datePublished":"2022-02-24T17:13:51+00:00","dateModified":"2026-02-26T10:49:49+00:00","breadcrumb":{"@id":"https:\/\/vinag1847.si\/izdelek\/mariborcanka-1l\/#breadcrumb"},"inLanguage":"en-GB","potentialAction":[{"@type":"ReadAction","target":["https:\/\/vinag1847.si\/izdelek\/mariborcanka-1l\/"]}]},{"@type":"ImageObject","inLanguage":"en-GB","@id":"https:\/\/vinag1847.si\/izdelek\/mariborcanka-1l\/#primaryimage","url":"https:\/\/i0.wp.com\/vinag1847.si\/wp-content\/uploads\/2022\/02\/mariborcanka-1.jpg?fit=500%2C500&ssl=1","contentUrl":"https:\/\/i0.wp.com\/vinag1847.si\/wp-content\/uploads\/2022\/02\/mariborcanka-1.jpg?fit=500%2C500&ssl=1","width":500,"height":500},{"@type":"BreadcrumbList","@id":"https:\/\/vinag1847.si\/izdelek\/mariborcanka-1l\/#breadcrumb","itemListElement":[{"@type":"ListItem","position":1,"name":"Home","item":"https:\/\/vinag1847.si\/"},{"@type":"ListItem","position":2,"name":"Spletna vinoteka","item":"https:\/\/vinag1847.si\/en\/vinoteka\/"},{"@type":"ListItem","position":3,"name":"Maribor\u010danka 1l"}]},{"@type":"WebSite","@id":"https:\/\/vinag1847.si\/#website","url":"https:\/\/vinag1847.si\/","name":"Vinag 1847","description":"Vinska klet in spletna trgovina","publisher":{"@id":"https:\/\/vinag1847.si\/#organization"},"potentialAction":[{"@type":"SearchAction","target":{"@type":"EntryPoint","urlTemplate":"https:\/\/vinag1847.si\/?s={search_term_string}"},"query-input":{"@type":"PropertyValueSpecification","valueRequired":true,"valueName":"search_term_string"}}],"inLanguage":"en-GB"},{"@type":"Organization","@id":"https:\/\/vinag1847.si\/#organization","name":"Vinag 1847","url":"https:\/\/vinag1847.si\/","logo":{"@type":"ImageObject","inLanguage":"en-GB","@id":"https:\/\/vinag1847.si\/#\/schema\/logo\/image\/","url":"https:\/\/i0.wp.com\/vinag1847.si\/wp-content\/uploads\/2019\/10\/VINAG_LOGOTIP_2021_BLACK_VECTOR.png?fit=375%2C283&ssl=1","contentUrl":"https:\/\/i0.wp.com\/vinag1847.si\/wp-content\/uploads\/2019\/10\/VINAG_LOGOTIP_2021_BLACK_VECTOR.png?fit=375%2C283&ssl=1","width":375,"height":283,"caption":"Vinag 1847"},"image":{"@id":"https:\/\/vinag1847.si\/#\/schema\/logo\/image\/"},"sameAs":["https:\/\/www.facebook.com\/winecellarvinag"]}]}},"jetpack_sharing_enabled":true,"publishpress_future_action":{"enabled":false,"date":"2026-04-23 02:42:53","action":"change-status","newStatus":"draft","terms":[],"taxonomy":"product_brand","extraData":[]},"publishpress_future_workflow_manual_trigger":{"enabledWorkflows":[]},"_links":{"self":[{"href":"https:\/\/vinag1847.si\/en\/wp-json\/wp\/v2\/product\/676","targetHints":{"allow":["GET"]}}],"collection":[{"href":"https:\/\/vinag1847.si\/en\/wp-json\/wp\/v2\/product"}],"about":[{"href":"https:\/\/vinag1847.si\/en\/wp-json\/wp\/v2\/types\/product"}],"wp:featuredmedia":[{"embeddable":true,"href":"https:\/\/vinag1847.si\/en\/wp-json\/wp\/v2\/media\/826"}],"wp:attachment":[{"href":"https:\/\/vinag1847.si\/en\/wp-json\/wp\/v2\/media?parent=676"}],"wp:term":[{"taxonomy":"product_brand","embeddable":true,"href":"https:\/\/vinag1847.si\/en\/wp-json\/wp\/v2\/product_brand?post=676"},{"taxonomy":"product_cat","embeddable":true,"href":"https:\/\/vinag1847.si\/en\/wp-json\/wp\/v2\/product_cat?post=676"},{"taxonomy":"product_tag","embeddable":true,"href":"https:\/\/vinag1847.si\/en\/wp-json\/wp\/v2\/product_tag?post=676"}],"curies":[{"name":"wp","href":"https:\/\/api.w.org\/{rel}","templated":true}]}}