{"id":680,"date":"2022-02-24T18:17:19","date_gmt":"2022-02-24T17:17:19","guid":{"rendered":"https:\/\/vinag1847.si\/?post_type=product&#038;p=680"},"modified":"2026-02-26T11:41:43","modified_gmt":"2026-02-26T10:41:43","slug":"rose-075l","status":"publish","type":"product","link":"https:\/\/vinag1847.si\/en\/product\/rose-075l\/","title":{"rendered":"Rose 0,75l"},"content":{"rendered":"","protected":false},"excerpt":{"rendered":"<p>Cvetica razkriva bogat spekter sadnih arom jagod, malin in gozdnih sade\u017eev. Prijetna kislina deluje igrivo, toplo in harmoni\u010dno, medtem ko mineralnost, izra\u017eena sadnost in srednje dolgo telo vinu dodajajo eleganco ter sve\u017eino. Gre za sodoben, trendovski poletni ros\u00e9.<\/p>\n<p>Vino je kristalno \u010disto, ne\u017eno ro\u017enate barve z rahlim bakrenim leskom. Aromatika je intenzivna in prete\u017eno sadna, z izrazitimi zaznavami nektarine, maline in brusnice, ki jih dopolnjujejo subtilne note pomaran\u010dne skorje. Zaklju\u010dek zaznamujeta pridih marcipana in rde\u010de grenivke.<\/p>\n<p>Sve\u017eina je lepo uravnove\u0161ena, sadnost pa dodatno poudari mineralni zna\u010daj vina. Okus je intenziven, eleganten, razmeroma poln in dolgotrajen. V pookusu se izrazijo note breskve, maline ter ne\u017ena sled kuhanega sadja.<\/p>\n<ul>\n<li><strong>Food:<\/strong> salmon or trout dishes, also steak tartare or beef carpaccio<\/li>\n<li><strong>Alcohol:<\/strong> 12,0%<\/li>\n<li><strong>Sugar level:<\/strong> half dry<\/li>\n<li><strong>Type:<\/strong> Modri pinot<\/li>\n<li><strong>Volumen:<\/strong> 0,75 l<\/li>\n<\/ul>","protected":false},"featured_media":1106,"template":"","meta":[],"product_brand":[],"product_cat":[81,19],"product_tag":[],"class_list":{"0":"post-680","1":"product","2":"type-product","3":"status-publish","4":"has-post-thumbnail","6":"product_cat-linija-23","7":"product_cat-vina","9":"first","10":"instock","11":"taxable","12":"shipping-taxable","13":"purchasable","14":"product-type-simple"},"yoast_head":"<!-- This site is optimized with the Yoast SEO plugin v27.6 - https:\/\/yoast.com\/product\/yoast-seo-wordpress\/ -->\n<title>Rose 0,75l - Vinag 1847<\/title>\n<meta name=\"robots\" content=\"index, follow, max-snippet:-1, max-image-preview:large, max-video-preview:-1\" \/>\n<link rel=\"canonical\" href=\"https:\/\/vinag1847.si\/en\/product\/rose-075l\/\" \/>\n<meta property=\"og:locale\" content=\"en_GB\" \/>\n<meta property=\"og:type\" content=\"article\" \/>\n<meta property=\"og:title\" content=\"Rose 0,75l - Vinag 1847\" \/>\n<meta property=\"og:description\" content=\"Cvetica razkriva bogat spekter sadnih arom jagod, malin in gozdnih sade\u017eev. Prijetna kislina deluje igrivo, toplo in harmoni\u010dno, medtem ko mineralnost, izra\u017eena sadnost in srednje dolgo telo vinu dodajajo eleganco ter sve\u017eino. Gre za sodoben, trendovski poletni ros\u00e9.  Vino je kristalno \u010disto, ne\u017eno ro\u017enate barve z rahlim bakrenim leskom. Aromatika je intenzivna in prete\u017eno sadna, z izrazitimi zaznavami nektarine, maline in brusnice, ki jih dopolnjujejo subtilne note pomaran\u010dne skorje. Zaklju\u010dek zaznamujeta pridih marcipana in rde\u010de grenivke.  Sve\u017eina je lepo uravnove\u0161ena, sadnost pa dodatno poudari mineralni zna\u010daj vina. Okus je intenziven, eleganten, razmeroma poln in dolgotrajen. V pookusu se izrazijo note breskve, maline ter ne\u017ena sled kuhanega sadja.   Hrana: jedi z lososom ali postrvjo, tudi tatarski biftek ali goveji carpaccio  Alkohol: 12,0%  Sladkorna stopnja: polsuho  Sorta: Modri pinot  Volumen: 0,75 l\" \/>\n<meta property=\"og:url\" content=\"https:\/\/vinag1847.si\/en\/product\/rose-075l\/\" \/>\n<meta property=\"og:site_name\" content=\"Vinag 1847\" \/>\n<meta property=\"article:publisher\" content=\"https:\/\/www.facebook.com\/winecellarvinag\" \/>\n<meta property=\"article:modified_time\" content=\"2026-02-26T10:41:43+00:00\" \/>\n<meta property=\"og:image\" content=\"https:\/\/vinag1847.si\/wp-content\/uploads\/2022\/02\/rose-sq-1.jpg\" \/>\n\t<meta property=\"og:image:width\" content=\"500\" \/>\n\t<meta property=\"og:image:height\" content=\"500\" \/>\n\t<meta property=\"og:image:type\" content=\"image\/jpeg\" \/>\n<meta name=\"twitter:card\" content=\"summary_large_image\" \/>\n<meta name=\"twitter:label1\" content=\"Estimated reading time\" \/>\n\t<meta name=\"twitter:data1\" content=\"1 minute\" \/>\n<script type=\"application\/ld+json\" class=\"yoast-schema-graph\">{\"@context\":\"https:\\\/\\\/schema.org\",\"@graph\":[{\"@type\":\"WebPage\",\"@id\":\"https:\\\/\\\/vinag1847.si\\\/izdelek\\\/rose-075l\\\/\",\"url\":\"https:\\\/\\\/vinag1847.si\\\/izdelek\\\/rose-075l\\\/\",\"name\":\"Rose 0,75l - Vinag 1847\",\"isPartOf\":{\"@id\":\"https:\\\/\\\/vinag1847.si\\\/#website\"},\"primaryImageOfPage\":{\"@id\":\"https:\\\/\\\/vinag1847.si\\\/izdelek\\\/rose-075l\\\/#primaryimage\"},\"image\":{\"@id\":\"https:\\\/\\\/vinag1847.si\\\/izdelek\\\/rose-075l\\\/#primaryimage\"},\"thumbnailUrl\":\"https:\\\/\\\/i0.wp.com\\\/vinag1847.si\\\/wp-content\\\/uploads\\\/2022\\\/02\\\/rose-sq-1.jpg?fit=500%2C500&ssl=1\",\"datePublished\":\"2022-02-24T17:17:19+00:00\",\"dateModified\":\"2026-02-26T10:41:43+00:00\",\"breadcrumb\":{\"@id\":\"https:\\\/\\\/vinag1847.si\\\/izdelek\\\/rose-075l\\\/#breadcrumb\"},\"inLanguage\":\"en-GB\",\"potentialAction\":[{\"@type\":\"ReadAction\",\"target\":[\"https:\\\/\\\/vinag1847.si\\\/izdelek\\\/rose-075l\\\/\"]}]},{\"@type\":\"ImageObject\",\"inLanguage\":\"en-GB\",\"@id\":\"https:\\\/\\\/vinag1847.si\\\/izdelek\\\/rose-075l\\\/#primaryimage\",\"url\":\"https:\\\/\\\/i0.wp.com\\\/vinag1847.si\\\/wp-content\\\/uploads\\\/2022\\\/02\\\/rose-sq-1.jpg?fit=500%2C500&ssl=1\",\"contentUrl\":\"https:\\\/\\\/i0.wp.com\\\/vinag1847.si\\\/wp-content\\\/uploads\\\/2022\\\/02\\\/rose-sq-1.jpg?fit=500%2C500&ssl=1\",\"width\":500,\"height\":500},{\"@type\":\"BreadcrumbList\",\"@id\":\"https:\\\/\\\/vinag1847.si\\\/izdelek\\\/rose-075l\\\/#breadcrumb\",\"itemListElement\":[{\"@type\":\"ListItem\",\"position\":1,\"name\":\"Home\",\"item\":\"https:\\\/\\\/vinag1847.si\\\/\"},{\"@type\":\"ListItem\",\"position\":2,\"name\":\"Spletna vinoteka\",\"item\":\"https:\\\/\\\/vinag1847.si\\\/en\\\/vinoteka\\\/\"},{\"@type\":\"ListItem\",\"position\":3,\"name\":\"Rose 0,75l\"}]},{\"@type\":\"WebSite\",\"@id\":\"https:\\\/\\\/vinag1847.si\\\/#website\",\"url\":\"https:\\\/\\\/vinag1847.si\\\/\",\"name\":\"Vinag 1847\",\"description\":\"Vinska klet in spletna trgovina\",\"publisher\":{\"@id\":\"https:\\\/\\\/vinag1847.si\\\/#organization\"},\"potentialAction\":[{\"@type\":\"SearchAction\",\"target\":{\"@type\":\"EntryPoint\",\"urlTemplate\":\"https:\\\/\\\/vinag1847.si\\\/?s={search_term_string}\"},\"query-input\":{\"@type\":\"PropertyValueSpecification\",\"valueRequired\":true,\"valueName\":\"search_term_string\"}}],\"inLanguage\":\"en-GB\"},{\"@type\":\"Organization\",\"@id\":\"https:\\\/\\\/vinag1847.si\\\/#organization\",\"name\":\"Vinag 1847\",\"url\":\"https:\\\/\\\/vinag1847.si\\\/\",\"logo\":{\"@type\":\"ImageObject\",\"inLanguage\":\"en-GB\",\"@id\":\"https:\\\/\\\/vinag1847.si\\\/#\\\/schema\\\/logo\\\/image\\\/\",\"url\":\"https:\\\/\\\/i0.wp.com\\\/vinag1847.si\\\/wp-content\\\/uploads\\\/2019\\\/10\\\/VINAG_LOGOTIP_2021_BLACK_VECTOR.png?fit=375%2C283&ssl=1\",\"contentUrl\":\"https:\\\/\\\/i0.wp.com\\\/vinag1847.si\\\/wp-content\\\/uploads\\\/2019\\\/10\\\/VINAG_LOGOTIP_2021_BLACK_VECTOR.png?fit=375%2C283&ssl=1\",\"width\":375,\"height\":283,\"caption\":\"Vinag 1847\"},\"image\":{\"@id\":\"https:\\\/\\\/vinag1847.si\\\/#\\\/schema\\\/logo\\\/image\\\/\"},\"sameAs\":[\"https:\\\/\\\/www.facebook.com\\\/winecellarvinag\"]}]}<\/script>\n<!-- \/ Yoast SEO plugin. -->","yoast_head_json":{"title":"Rose 0,75l - Vinag 1847","robots":{"index":"index","follow":"follow","max-snippet":"max-snippet:-1","max-image-preview":"max-image-preview:large","max-video-preview":"max-video-preview:-1"},"canonical":"https:\/\/vinag1847.si\/en\/product\/rose-075l\/","og_locale":"en_GB","og_type":"article","og_title":"Rose 0,75l - Vinag 1847","og_description":"Cvetica razkriva bogat spekter sadnih arom jagod, malin in gozdnih sade\u017eev. Prijetna kislina deluje igrivo, toplo in harmoni\u010dno, medtem ko mineralnost, izra\u017eena sadnost in srednje dolgo telo vinu dodajajo eleganco ter sve\u017eino. Gre za sodoben, trendovski poletni ros\u00e9.  Vino je kristalno \u010disto, ne\u017eno ro\u017enate barve z rahlim bakrenim leskom. Aromatika je intenzivna in prete\u017eno sadna, z izrazitimi zaznavami nektarine, maline in brusnice, ki jih dopolnjujejo subtilne note pomaran\u010dne skorje. Zaklju\u010dek zaznamujeta pridih marcipana in rde\u010de grenivke.  Sve\u017eina je lepo uravnove\u0161ena, sadnost pa dodatno poudari mineralni zna\u010daj vina. Okus je intenziven, eleganten, razmeroma poln in dolgotrajen. V pookusu se izrazijo note breskve, maline ter ne\u017ena sled kuhanega sadja.   Hrana: jedi z lososom ali postrvjo, tudi tatarski biftek ali goveji carpaccio  Alkohol: 12,0%  Sladkorna stopnja: polsuho  Sorta: Modri pinot  Volumen: 0,75 l","og_url":"https:\/\/vinag1847.si\/en\/product\/rose-075l\/","og_site_name":"Vinag 1847","article_publisher":"https:\/\/www.facebook.com\/winecellarvinag","article_modified_time":"2026-02-26T10:41:43+00:00","og_image":[{"width":500,"height":500,"url":"https:\/\/vinag1847.si\/wp-content\/uploads\/2022\/02\/rose-sq-1.jpg","type":"image\/jpeg"}],"twitter_card":"summary_large_image","twitter_misc":{"Estimated reading time":"1 minute"},"schema":{"@context":"https:\/\/schema.org","@graph":[{"@type":"WebPage","@id":"https:\/\/vinag1847.si\/izdelek\/rose-075l\/","url":"https:\/\/vinag1847.si\/izdelek\/rose-075l\/","name":"Rose 0,75l - Vinag 1847","isPartOf":{"@id":"https:\/\/vinag1847.si\/#website"},"primaryImageOfPage":{"@id":"https:\/\/vinag1847.si\/izdelek\/rose-075l\/#primaryimage"},"image":{"@id":"https:\/\/vinag1847.si\/izdelek\/rose-075l\/#primaryimage"},"thumbnailUrl":"https:\/\/i0.wp.com\/vinag1847.si\/wp-content\/uploads\/2022\/02\/rose-sq-1.jpg?fit=500%2C500&ssl=1","datePublished":"2022-02-24T17:17:19+00:00","dateModified":"2026-02-26T10:41:43+00:00","breadcrumb":{"@id":"https:\/\/vinag1847.si\/izdelek\/rose-075l\/#breadcrumb"},"inLanguage":"en-GB","potentialAction":[{"@type":"ReadAction","target":["https:\/\/vinag1847.si\/izdelek\/rose-075l\/"]}]},{"@type":"ImageObject","inLanguage":"en-GB","@id":"https:\/\/vinag1847.si\/izdelek\/rose-075l\/#primaryimage","url":"https:\/\/i0.wp.com\/vinag1847.si\/wp-content\/uploads\/2022\/02\/rose-sq-1.jpg?fit=500%2C500&ssl=1","contentUrl":"https:\/\/i0.wp.com\/vinag1847.si\/wp-content\/uploads\/2022\/02\/rose-sq-1.jpg?fit=500%2C500&ssl=1","width":500,"height":500},{"@type":"BreadcrumbList","@id":"https:\/\/vinag1847.si\/izdelek\/rose-075l\/#breadcrumb","itemListElement":[{"@type":"ListItem","position":1,"name":"Home","item":"https:\/\/vinag1847.si\/"},{"@type":"ListItem","position":2,"name":"Spletna vinoteka","item":"https:\/\/vinag1847.si\/en\/vinoteka\/"},{"@type":"ListItem","position":3,"name":"Rose 0,75l"}]},{"@type":"WebSite","@id":"https:\/\/vinag1847.si\/#website","url":"https:\/\/vinag1847.si\/","name":"Vinag 1847","description":"Vinska klet in spletna trgovina","publisher":{"@id":"https:\/\/vinag1847.si\/#organization"},"potentialAction":[{"@type":"SearchAction","target":{"@type":"EntryPoint","urlTemplate":"https:\/\/vinag1847.si\/?s={search_term_string}"},"query-input":{"@type":"PropertyValueSpecification","valueRequired":true,"valueName":"search_term_string"}}],"inLanguage":"en-GB"},{"@type":"Organization","@id":"https:\/\/vinag1847.si\/#organization","name":"Vinag 1847","url":"https:\/\/vinag1847.si\/","logo":{"@type":"ImageObject","inLanguage":"en-GB","@id":"https:\/\/vinag1847.si\/#\/schema\/logo\/image\/","url":"https:\/\/i0.wp.com\/vinag1847.si\/wp-content\/uploads\/2019\/10\/VINAG_LOGOTIP_2021_BLACK_VECTOR.png?fit=375%2C283&ssl=1","contentUrl":"https:\/\/i0.wp.com\/vinag1847.si\/wp-content\/uploads\/2019\/10\/VINAG_LOGOTIP_2021_BLACK_VECTOR.png?fit=375%2C283&ssl=1","width":375,"height":283,"caption":"Vinag 1847"},"image":{"@id":"https:\/\/vinag1847.si\/#\/schema\/logo\/image\/"},"sameAs":["https:\/\/www.facebook.com\/winecellarvinag"]}]}},"jetpack_sharing_enabled":true,"publishpress_future_action":{"enabled":false,"date":"2026-05-24 08:25:59","action":"change-status","newStatus":"draft","terms":[],"taxonomy":"product_brand","extraData":[]},"publishpress_future_workflow_manual_trigger":{"enabledWorkflows":[]},"_links":{"self":[{"href":"https:\/\/vinag1847.si\/en\/wp-json\/wp\/v2\/product\/680","targetHints":{"allow":["GET"]}}],"collection":[{"href":"https:\/\/vinag1847.si\/en\/wp-json\/wp\/v2\/product"}],"about":[{"href":"https:\/\/vinag1847.si\/en\/wp-json\/wp\/v2\/types\/product"}],"wp:featuredmedia":[{"embeddable":true,"href":"https:\/\/vinag1847.si\/en\/wp-json\/wp\/v2\/media\/1106"}],"wp:attachment":[{"href":"https:\/\/vinag1847.si\/en\/wp-json\/wp\/v2\/media?parent=680"}],"wp:term":[{"taxonomy":"product_brand","embeddable":true,"href":"https:\/\/vinag1847.si\/en\/wp-json\/wp\/v2\/product_brand?post=680"},{"taxonomy":"product_cat","embeddable":true,"href":"https:\/\/vinag1847.si\/en\/wp-json\/wp\/v2\/product_cat?post=680"},{"taxonomy":"product_tag","embeddable":true,"href":"https:\/\/vinag1847.si\/en\/wp-json\/wp\/v2\/product_tag?post=680"}],"curies":[{"name":"wp","href":"https:\/\/api.w.org\/{rel}","templated":true}]}}