{"id":684,"date":"2022-02-24T18:19:14","date_gmt":"2022-02-24T17:19:14","guid":{"rendered":"https:\/\/vinag1847.si\/?post_type=product&#038;p=684"},"modified":"2026-02-26T11:42:16","modified_gmt":"2026-02-26T10:42:16","slug":"sauvignon-075l","status":"publish","type":"product","link":"https:\/\/vinag1847.si\/en\/product\/sauvignon-075l\/","title":{"rendered":"Sauvignon 0,75l"},"content":{"rendered":"","protected":false},"excerpt":{"rendered":"<p>Sve\u017ee in elegantno vino navdu\u0161uje z izrazito aromatiko vinogradni\u0161kih breskev, limete, bezgovih cvetov in belih vrtnic, ki jo zaokro\u017ea ne\u017ena nota mandlja. V ustih deluje \u017eivahno, sve\u017ee in polno, s poudarjeno sadnostjo ter lepo uravnote\u017eeno strukturo.<\/p>\n<p>Vino je kristalno \u010disto, rumene barve z zelenkastim leskom in nekoliko gostej\u0161o teksturo. Okus je suh, z izrazito sve\u017eino in mineralnim zna\u010dajem. Intenzivna aromatika razkriva eleganco vina, srednje polno telo ter dolgo obstojen pookus, v katerem se prepletajo zaznave bazilike, zelenega jabolka, bele breskve in limete.<\/p>\n<ul>\n<li><strong>Food:<\/strong> sushi, jedi z azijskim pridihom, tudi pi\u0161\u010dan\u010dje jedi<\/li>\n<li><strong>Alcohol:<\/strong> 13,0%<\/li>\n<li><strong>Sugar level:<\/strong> dry<\/li>\n<li><strong>Type:<\/strong> Sauvignon blanc<\/li>\n<li><strong>Volumen:<\/strong> 0,75 l<\/li>\n<\/ul>","protected":false},"featured_media":1108,"template":"","meta":[],"product_brand":[],"product_cat":[81,19],"product_tag":[],"class_list":{"0":"post-684","1":"product","2":"type-product","3":"status-publish","4":"has-post-thumbnail","6":"product_cat-linija-23","7":"product_cat-vina","9":"first","10":"instock","11":"taxable","12":"shipping-taxable","13":"purchasable","14":"product-type-simple"},"yoast_head":"<!-- This site is optimized with the Yoast SEO plugin v27.4 - https:\/\/yoast.com\/product\/yoast-seo-wordpress\/ -->\n<title>Sauvignon 0,75l - Vinag 1847<\/title>\n<meta name=\"robots\" content=\"index, follow, max-snippet:-1, max-image-preview:large, max-video-preview:-1\" \/>\n<link rel=\"canonical\" href=\"https:\/\/vinag1847.si\/en\/product\/sauvignon-075l\/\" \/>\n<meta property=\"og:locale\" content=\"en_GB\" \/>\n<meta property=\"og:type\" content=\"article\" \/>\n<meta property=\"og:title\" content=\"Sauvignon 0,75l - Vinag 1847\" \/>\n<meta property=\"og:description\" content=\"Sve\u017ee in elegantno vino navdu\u0161uje z izrazito aromatiko vinogradni\u0161kih breskev, limete, bezgovih cvetov in belih vrtnic, ki jo zaokro\u017ea ne\u017ena nota mandlja. V ustih deluje \u017eivahno, sve\u017ee in polno, s poudarjeno sadnostjo ter lepo uravnote\u017eeno strukturo.  Vino je kristalno \u010disto, rumene barve z zelenkastim leskom in nekoliko gostej\u0161o teksturo. Okus je suh, z izrazito sve\u017eino in mineralnim zna\u010dajem. Intenzivna aromatika razkriva eleganco vina, srednje polno telo ter dolgo obstojen pookus, v katerem se prepletajo zaznave bazilike, zelenega jabolka, bele breskve in limete.   Hrana: sushi, jedi z azijskim pridihom, tudi pi\u0161\u010dan\u010dje jedi  Alkohol: 13,0%  Sladkorna stopnja: suho  Sorta: Sauvignon blanc  Volumen: 0,75 l\" \/>\n<meta property=\"og:url\" content=\"https:\/\/vinag1847.si\/en\/product\/sauvignon-075l\/\" \/>\n<meta property=\"og:site_name\" content=\"Vinag 1847\" \/>\n<meta property=\"article:publisher\" content=\"https:\/\/www.facebook.com\/winecellarvinag\" \/>\n<meta property=\"article:modified_time\" content=\"2026-02-26T10:42:16+00:00\" \/>\n<meta property=\"og:image\" content=\"https:\/\/vinag1847.si\/wp-content\/uploads\/2022\/02\/sauv-sq.jpg\" \/>\n\t<meta property=\"og:image:width\" content=\"500\" \/>\n\t<meta property=\"og:image:height\" content=\"500\" \/>\n\t<meta property=\"og:image:type\" content=\"image\/jpeg\" \/>\n<meta name=\"twitter:card\" content=\"summary_large_image\" \/>\n<meta name=\"twitter:label1\" content=\"Estimated reading time\" \/>\n\t<meta name=\"twitter:data1\" content=\"1 minute\" \/>\n<script type=\"application\/ld+json\" class=\"yoast-schema-graph\">{\"@context\":\"https:\\\/\\\/schema.org\",\"@graph\":[{\"@type\":\"WebPage\",\"@id\":\"https:\\\/\\\/vinag1847.si\\\/izdelek\\\/sauvignon-075l\\\/\",\"url\":\"https:\\\/\\\/vinag1847.si\\\/izdelek\\\/sauvignon-075l\\\/\",\"name\":\"Sauvignon 0,75l - Vinag 1847\",\"isPartOf\":{\"@id\":\"https:\\\/\\\/vinag1847.si\\\/#website\"},\"primaryImageOfPage\":{\"@id\":\"https:\\\/\\\/vinag1847.si\\\/izdelek\\\/sauvignon-075l\\\/#primaryimage\"},\"image\":{\"@id\":\"https:\\\/\\\/vinag1847.si\\\/izdelek\\\/sauvignon-075l\\\/#primaryimage\"},\"thumbnailUrl\":\"https:\\\/\\\/i0.wp.com\\\/vinag1847.si\\\/wp-content\\\/uploads\\\/2022\\\/02\\\/sauv-sq.jpg?fit=500%2C500&ssl=1\",\"datePublished\":\"2022-02-24T17:19:14+00:00\",\"dateModified\":\"2026-02-26T10:42:16+00:00\",\"breadcrumb\":{\"@id\":\"https:\\\/\\\/vinag1847.si\\\/izdelek\\\/sauvignon-075l\\\/#breadcrumb\"},\"inLanguage\":\"en-GB\",\"potentialAction\":[{\"@type\":\"ReadAction\",\"target\":[\"https:\\\/\\\/vinag1847.si\\\/izdelek\\\/sauvignon-075l\\\/\"]}]},{\"@type\":\"ImageObject\",\"inLanguage\":\"en-GB\",\"@id\":\"https:\\\/\\\/vinag1847.si\\\/izdelek\\\/sauvignon-075l\\\/#primaryimage\",\"url\":\"https:\\\/\\\/i0.wp.com\\\/vinag1847.si\\\/wp-content\\\/uploads\\\/2022\\\/02\\\/sauv-sq.jpg?fit=500%2C500&ssl=1\",\"contentUrl\":\"https:\\\/\\\/i0.wp.com\\\/vinag1847.si\\\/wp-content\\\/uploads\\\/2022\\\/02\\\/sauv-sq.jpg?fit=500%2C500&ssl=1\",\"width\":500,\"height\":500},{\"@type\":\"BreadcrumbList\",\"@id\":\"https:\\\/\\\/vinag1847.si\\\/izdelek\\\/sauvignon-075l\\\/#breadcrumb\",\"itemListElement\":[{\"@type\":\"ListItem\",\"position\":1,\"name\":\"Home\",\"item\":\"https:\\\/\\\/vinag1847.si\\\/\"},{\"@type\":\"ListItem\",\"position\":2,\"name\":\"Spletna vinoteka\",\"item\":\"https:\\\/\\\/vinag1847.si\\\/en\\\/vinoteka\\\/\"},{\"@type\":\"ListItem\",\"position\":3,\"name\":\"Sauvignon 0,75l\"}]},{\"@type\":\"WebSite\",\"@id\":\"https:\\\/\\\/vinag1847.si\\\/#website\",\"url\":\"https:\\\/\\\/vinag1847.si\\\/\",\"name\":\"Vinag 1847\",\"description\":\"Vinska klet in spletna trgovina\",\"publisher\":{\"@id\":\"https:\\\/\\\/vinag1847.si\\\/#organization\"},\"potentialAction\":[{\"@type\":\"SearchAction\",\"target\":{\"@type\":\"EntryPoint\",\"urlTemplate\":\"https:\\\/\\\/vinag1847.si\\\/?s={search_term_string}\"},\"query-input\":{\"@type\":\"PropertyValueSpecification\",\"valueRequired\":true,\"valueName\":\"search_term_string\"}}],\"inLanguage\":\"en-GB\"},{\"@type\":\"Organization\",\"@id\":\"https:\\\/\\\/vinag1847.si\\\/#organization\",\"name\":\"Vinag 1847\",\"url\":\"https:\\\/\\\/vinag1847.si\\\/\",\"logo\":{\"@type\":\"ImageObject\",\"inLanguage\":\"en-GB\",\"@id\":\"https:\\\/\\\/vinag1847.si\\\/#\\\/schema\\\/logo\\\/image\\\/\",\"url\":\"https:\\\/\\\/i0.wp.com\\\/vinag1847.si\\\/wp-content\\\/uploads\\\/2019\\\/10\\\/VINAG_LOGOTIP_2021_BLACK_VECTOR.png?fit=375%2C283&ssl=1\",\"contentUrl\":\"https:\\\/\\\/i0.wp.com\\\/vinag1847.si\\\/wp-content\\\/uploads\\\/2019\\\/10\\\/VINAG_LOGOTIP_2021_BLACK_VECTOR.png?fit=375%2C283&ssl=1\",\"width\":375,\"height\":283,\"caption\":\"Vinag 1847\"},\"image\":{\"@id\":\"https:\\\/\\\/vinag1847.si\\\/#\\\/schema\\\/logo\\\/image\\\/\"},\"sameAs\":[\"https:\\\/\\\/www.facebook.com\\\/winecellarvinag\"]}]}<\/script>\n<!-- \/ Yoast SEO plugin. -->","yoast_head_json":{"title":"Sauvignon 0,75l - Vinag 1847","robots":{"index":"index","follow":"follow","max-snippet":"max-snippet:-1","max-image-preview":"max-image-preview:large","max-video-preview":"max-video-preview:-1"},"canonical":"https:\/\/vinag1847.si\/en\/product\/sauvignon-075l\/","og_locale":"en_GB","og_type":"article","og_title":"Sauvignon 0,75l - Vinag 1847","og_description":"Sve\u017ee in elegantno vino navdu\u0161uje z izrazito aromatiko vinogradni\u0161kih breskev, limete, bezgovih cvetov in belih vrtnic, ki jo zaokro\u017ea ne\u017ena nota mandlja. V ustih deluje \u017eivahno, sve\u017ee in polno, s poudarjeno sadnostjo ter lepo uravnote\u017eeno strukturo.  Vino je kristalno \u010disto, rumene barve z zelenkastim leskom in nekoliko gostej\u0161o teksturo. Okus je suh, z izrazito sve\u017eino in mineralnim zna\u010dajem. Intenzivna aromatika razkriva eleganco vina, srednje polno telo ter dolgo obstojen pookus, v katerem se prepletajo zaznave bazilike, zelenega jabolka, bele breskve in limete.   Hrana: sushi, jedi z azijskim pridihom, tudi pi\u0161\u010dan\u010dje jedi  Alkohol: 13,0%  Sladkorna stopnja: suho  Sorta: Sauvignon blanc  Volumen: 0,75 l","og_url":"https:\/\/vinag1847.si\/en\/product\/sauvignon-075l\/","og_site_name":"Vinag 1847","article_publisher":"https:\/\/www.facebook.com\/winecellarvinag","article_modified_time":"2026-02-26T10:42:16+00:00","og_image":[{"width":500,"height":500,"url":"https:\/\/vinag1847.si\/wp-content\/uploads\/2022\/02\/sauv-sq.jpg","type":"image\/jpeg"}],"twitter_card":"summary_large_image","twitter_misc":{"Estimated reading time":"1 minute"},"schema":{"@context":"https:\/\/schema.org","@graph":[{"@type":"WebPage","@id":"https:\/\/vinag1847.si\/izdelek\/sauvignon-075l\/","url":"https:\/\/vinag1847.si\/izdelek\/sauvignon-075l\/","name":"Sauvignon 0,75l - Vinag 1847","isPartOf":{"@id":"https:\/\/vinag1847.si\/#website"},"primaryImageOfPage":{"@id":"https:\/\/vinag1847.si\/izdelek\/sauvignon-075l\/#primaryimage"},"image":{"@id":"https:\/\/vinag1847.si\/izdelek\/sauvignon-075l\/#primaryimage"},"thumbnailUrl":"https:\/\/i0.wp.com\/vinag1847.si\/wp-content\/uploads\/2022\/02\/sauv-sq.jpg?fit=500%2C500&ssl=1","datePublished":"2022-02-24T17:19:14+00:00","dateModified":"2026-02-26T10:42:16+00:00","breadcrumb":{"@id":"https:\/\/vinag1847.si\/izdelek\/sauvignon-075l\/#breadcrumb"},"inLanguage":"en-GB","potentialAction":[{"@type":"ReadAction","target":["https:\/\/vinag1847.si\/izdelek\/sauvignon-075l\/"]}]},{"@type":"ImageObject","inLanguage":"en-GB","@id":"https:\/\/vinag1847.si\/izdelek\/sauvignon-075l\/#primaryimage","url":"https:\/\/i0.wp.com\/vinag1847.si\/wp-content\/uploads\/2022\/02\/sauv-sq.jpg?fit=500%2C500&ssl=1","contentUrl":"https:\/\/i0.wp.com\/vinag1847.si\/wp-content\/uploads\/2022\/02\/sauv-sq.jpg?fit=500%2C500&ssl=1","width":500,"height":500},{"@type":"BreadcrumbList","@id":"https:\/\/vinag1847.si\/izdelek\/sauvignon-075l\/#breadcrumb","itemListElement":[{"@type":"ListItem","position":1,"name":"Home","item":"https:\/\/vinag1847.si\/"},{"@type":"ListItem","position":2,"name":"Spletna vinoteka","item":"https:\/\/vinag1847.si\/en\/vinoteka\/"},{"@type":"ListItem","position":3,"name":"Sauvignon 0,75l"}]},{"@type":"WebSite","@id":"https:\/\/vinag1847.si\/#website","url":"https:\/\/vinag1847.si\/","name":"Vinag 1847","description":"Vinska klet in spletna trgovina","publisher":{"@id":"https:\/\/vinag1847.si\/#organization"},"potentialAction":[{"@type":"SearchAction","target":{"@type":"EntryPoint","urlTemplate":"https:\/\/vinag1847.si\/?s={search_term_string}"},"query-input":{"@type":"PropertyValueSpecification","valueRequired":true,"valueName":"search_term_string"}}],"inLanguage":"en-GB"},{"@type":"Organization","@id":"https:\/\/vinag1847.si\/#organization","name":"Vinag 1847","url":"https:\/\/vinag1847.si\/","logo":{"@type":"ImageObject","inLanguage":"en-GB","@id":"https:\/\/vinag1847.si\/#\/schema\/logo\/image\/","url":"https:\/\/i0.wp.com\/vinag1847.si\/wp-content\/uploads\/2019\/10\/VINAG_LOGOTIP_2021_BLACK_VECTOR.png?fit=375%2C283&ssl=1","contentUrl":"https:\/\/i0.wp.com\/vinag1847.si\/wp-content\/uploads\/2019\/10\/VINAG_LOGOTIP_2021_BLACK_VECTOR.png?fit=375%2C283&ssl=1","width":375,"height":283,"caption":"Vinag 1847"},"image":{"@id":"https:\/\/vinag1847.si\/#\/schema\/logo\/image\/"},"sameAs":["https:\/\/www.facebook.com\/winecellarvinag"]}]}},"jetpack_sharing_enabled":true,"publishpress_future_action":{"enabled":false,"date":"2026-05-03 17:05:47","action":"change-status","newStatus":"draft","terms":[],"taxonomy":"product_brand","extraData":[]},"publishpress_future_workflow_manual_trigger":{"enabledWorkflows":[]},"_links":{"self":[{"href":"https:\/\/vinag1847.si\/en\/wp-json\/wp\/v2\/product\/684","targetHints":{"allow":["GET"]}}],"collection":[{"href":"https:\/\/vinag1847.si\/en\/wp-json\/wp\/v2\/product"}],"about":[{"href":"https:\/\/vinag1847.si\/en\/wp-json\/wp\/v2\/types\/product"}],"wp:featuredmedia":[{"embeddable":true,"href":"https:\/\/vinag1847.si\/en\/wp-json\/wp\/v2\/media\/1108"}],"wp:attachment":[{"href":"https:\/\/vinag1847.si\/en\/wp-json\/wp\/v2\/media?parent=684"}],"wp:term":[{"taxonomy":"product_brand","embeddable":true,"href":"https:\/\/vinag1847.si\/en\/wp-json\/wp\/v2\/product_brand?post=684"},{"taxonomy":"product_cat","embeddable":true,"href":"https:\/\/vinag1847.si\/en\/wp-json\/wp\/v2\/product_cat?post=684"},{"taxonomy":"product_tag","embeddable":true,"href":"https:\/\/vinag1847.si\/en\/wp-json\/wp\/v2\/product_tag?post=684"}],"curies":[{"name":"wp","href":"https:\/\/api.w.org\/{rel}","templated":true}]}}